{"id":1989,"date":"2025-11-26T15:46:15","date_gmt":"2025-11-26T15:46:15","guid":{"rendered":"https:\/\/capcanesturisme.com\/politica-de-privacidad\/"},"modified":"2025-12-19T17:05:39","modified_gmt":"2025-12-19T17:05:39","slug":"politica-de-privacidad","status":"publish","type":"page","link":"https:\/\/capcanesturisme.com\/es\/politica-de-privacidad\/","title":{"rendered":"Pol\u00edtica de privacidad<br>"},"content":{"rendered":"\t\t<div data-elementor-type=\"wp-page\" data-elementor-id=\"1989\" class=\"elementor elementor-1989 elementor-1145\">\n\t\t\t\t<div class=\"elementor-element elementor-element-4a25bf1 e-flex e-con-boxed e-con e-parent\" data-id=\"4a25bf1\" data-element_type=\"container\" data-e-type=\"container\">\n\t\t\t\t\t<div class=\"e-con-inner\">\n\t\t\t\t<div class=\"elementor-element elementor-element-1910430 elementor-widget-divider--view-line elementor-widget elementor-widget-divider\" data-id=\"1910430\" data-element_type=\"widget\" data-e-type=\"widget\" data-widget_type=\"divider.default\">\n\t\t\t\t\t\t\t<div class=\"elementor-divider\">\n\t\t\t<span class=\"elementor-divider-separator\">\n\t\t\t\t\t\t<\/span>\n\t\t<\/div>\n\t\t\t\t\t\t<\/div>\n\t\t\t\t\t<\/div>\n\t\t\t\t<\/div>\n\t\t<div class=\"elementor-element elementor-element-eb74762 e-flex e-con-boxed e-con e-parent\" data-id=\"eb74762\" data-element_type=\"container\" data-e-type=\"container\">\n\t\t\t\t\t<div class=\"e-con-inner\">\n\t\t\t\t<div class=\"elementor-element elementor-element-10f3f91 elementor-widget elementor-widget-heading\" data-id=\"10f3f91\" data-element_type=\"widget\" data-e-type=\"widget\" data-widget_type=\"heading.default\">\n\t\t\t\t\t<h2 class=\"elementor-heading-title elementor-size-default\">Pol\u00edtica de privacidad<\/h2>\t\t\t\t<\/div>\n\t\t\t\t\t<\/div>\n\t\t\t\t<\/div>\n\t\t<div class=\"elementor-element elementor-element-cfd6295 e-flex e-con-boxed e-con e-parent\" data-id=\"cfd6295\" data-element_type=\"container\" data-e-type=\"container\">\n\t\t\t\t\t<div class=\"e-con-inner\">\n\t\t\t\t<div class=\"elementor-element elementor-element-c057974 elementor-widget elementor-widget-text-editor\" data-id=\"c057974\" data-element_type=\"widget\" data-e-type=\"widget\" data-widget_type=\"text-editor.default\">\n\t\t\t\t\t\t\t\t\t<p>Somos una entidad para la cual la transparencia de la informaci\u00f3n es esencial para establecer una relaci\u00f3n de confianza con las personas que forman parte de nuestro proyecto y con nuestros proveedores y clientes. La protecci\u00f3n de los datos personales de las personas que depositan su confianza en nosotros es de vital importancia y, por tanto, mediante esta Pol\u00edtica de privacidad queremos informarle de c\u00f3mo recopilamos, tratamos y utilizamos dichos datos.<br>Esta Pol\u00edtica de privacidad establece la base sobre la cual procesamos los datos personales que nuestros usuarios nos facilitan voluntariamente a trav\u00e9s del sitio web.<br>Esta Pol\u00edtica se aplicar\u00e1 siempre que se proporcionen datos, tambi\u00e9n a trav\u00e9s de cualquiera de los formularios de contacto o suscripci\u00f3n en los que se recojan datos personales (nombre, correo electr\u00f3nico, etc.). El AJUNTAMENT DE CAP\u00c7ANES ser\u00e1 el responsable de sus datos (Responsable del tratamiento).  <\/p>\t\t\t\t\t\t\t\t<\/div>\n\t\t\t\t<div class=\"elementor-element elementor-element-f0c0587 elementor-widget elementor-widget-text-editor\" data-id=\"f0c0587\" data-element_type=\"widget\" data-e-type=\"widget\" data-widget_type=\"text-editor.default\">\n\t\t\t\t\t\t\t\t\t<h4>A qu\u00e9 nos comprometemos<br><\/h4>\t\t\t\t\t\t\t\t<\/div>\n\t\t\t\t<div class=\"elementor-element elementor-element-0a3e1b3 elementor-widget elementor-widget-text-editor\" data-id=\"0a3e1b3\" data-element_type=\"widget\" data-e-type=\"widget\" data-widget_type=\"text-editor.default\">\n\t\t\t\t\t\t\t\t\t<p>\u2022 A respetar la privacidad de nuestros usuarios y a tratar los datos personales con su consentimiento.<br><br>\u2022 A tratar \u00fanicamente los datos personales estrictamente necesarios para prestar el servicio solicitado y a hacerlo de forma segura y confidencial, adoptando las medidas necesarias para evitar el acceso no autorizado y el uso indebido.<br>\u2022 A no utilizar los datos personales para finalidades para las cuales no se haya obtenido previamente el consentimiento.<br><br>\u2022 A no facilitar los datos personales a terceros ni compartirlos.<br><br>\u2022 A conservar los datos personales durante el tiempo estrictamente necesario para la finalidad espec\u00edfica para la que fueron proporcionados.<\/p>\t\t\t\t\t\t\t\t<\/div>\n\t\t\t\t<div class=\"elementor-element elementor-element-65f58dc elementor-widget elementor-widget-text-editor\" data-id=\"65f58dc\" data-element_type=\"widget\" data-e-type=\"widget\" data-widget_type=\"text-editor.default\">\n\t\t\t\t\t\t\t\t\t<h4>Qui\u00e9n es el responsable de sus datos personales<\/h4>\t\t\t\t\t\t\t\t<\/div>\n\t\t\t\t\t<\/div>\n\t\t\t\t<\/div>\n\t\t<div class=\"elementor-element elementor-element-cd441a0 e-flex e-con-boxed e-con e-parent\" data-id=\"cd441a0\" data-element_type=\"container\" data-e-type=\"container\">\n\t\t\t\t\t<div class=\"e-con-inner\">\n\t\t\t\t<div class=\"elementor-element elementor-element-bb86bec elementor-widget elementor-widget-text-editor\" data-id=\"bb86bec\" data-element_type=\"widget\" data-e-type=\"widget\" data-widget_type=\"text-editor.default\">\n\t\t\t\t\t\t\t\t\t<table class=\" alignleft\" width=\"780\" cellspacing=\"0\" cellpadding=\"20\"><tbody><tr><td width=\"208\"><p style=\"text-align: center;\"><span>Nombre<\/span><\/p><\/td><td style=\"text-align: center;\" bgcolor=\"#ffffff\" width=\"492\"><p><span><span style=\"font-size: medium;\">AJUNTAMENT DE CAP\u00c7ANES<\/span><\/span><\/p><\/td><\/tr><tr><td width=\"208\"><p><span>Direcci\u00f3n<\/span><\/p><\/td><td width=\"492\"><p><span>Pla\u00e7a de l\u2019Esgl\u00e8sia, 7<\/span><\/p><\/td><\/tr><tr><td width=\"208\"><p><span>C\u00f3digo Postal<\/span><\/p><\/td><td width=\"492\"><p><span>43776<\/span><\/p><\/td><\/tr><tr><td width=\"208\"><p><span>Localidad<\/span><\/p><\/td><td width=\"492\"><p><span>Cap\u00e7anes<\/span><\/p><\/td><\/tr><tr><td width=\"208\"><p><span>Provincia<\/span><\/p><\/td><td width=\"492\"><p><span>TARRAGONA<\/span><\/p><\/td><\/tr><\/tbody><\/table>\t\t\t\t\t\t\t\t<\/div>\n\t\t\t\t<div class=\"elementor-element elementor-element-3646bf9 elementor-widget elementor-widget-text-editor\" data-id=\"3646bf9\" data-element_type=\"widget\" data-e-type=\"widget\" data-widget_type=\"text-editor.default\">\n\t\t\t\t\t\t\t\t\t<h4>Qu\u00e9 son los datos personales y el tratamiento de datos personales<br><\/h4>\t\t\t\t\t\t\t\t<\/div>\n\t\t\t\t<div class=\"elementor-element elementor-element-f533be3 elementor-widget elementor-widget-text-editor\" data-id=\"f533be3\" data-element_type=\"widget\" data-e-type=\"widget\" data-widget_type=\"text-editor.default\">\n\t\t\t\t\t\t\t\t\t<p>Los datos personales son cualquier informaci\u00f3n relativa a una persona f\u00edsica identificada o identificable. Se considera persona f\u00edsica identificable aquella que puede ser identificada, directa o indirectamente, en particular mediante un identificador como un nombre, un n\u00famero de identificaci\u00f3n, datos de localizaci\u00f3n, un identificador en l\u00ednea o uno o varios factores propios de la identidad f\u00edsica, fisiol\u00f3gica, gen\u00e9tica, mental, econ\u00f3mica, cultural o social de dicha persona f\u00edsica. Asimismo, el tratamiento de datos personales implica cualquier operaci\u00f3n o conjunto de operaciones realizadas sobre datos personales o conjuntos de datos personales, ya sea por medios automatizados o no, tales como la recogida, el registro, la organizaci\u00f3n, la estructuraci\u00f3n, el almacenamiento, la adaptaci\u00f3n o modificaci\u00f3n, la extracci\u00f3n, la consulta, el uso, la comunicaci\u00f3n por transmisi\u00f3n, la difusi\u00f3n o cualquier otra forma de habilitaci\u00f3n de acceso, la comparaci\u00f3n o interconexi\u00f3n, la limitaci\u00f3n, la supresi\u00f3n o la destrucci\u00f3n.<br> <\/p>\t\t\t\t\t\t\t\t<\/div>\n\t\t\t\t<div class=\"elementor-element elementor-element-50558ac elementor-widget elementor-widget-text-editor\" data-id=\"50558ac\" data-element_type=\"widget\" data-e-type=\"widget\" data-widget_type=\"text-editor.default\">\n\t\t\t\t\t\t\t\t\t<h4>Qu\u00e9 tratamiento realizamos de sus datos personales y con qu\u00e9 finalidades<br><\/h4>\t\t\t\t\t\t\t\t<\/div>\n\t\t\t\t<div class=\"elementor-element elementor-element-be83366 elementor-widget elementor-widget-text-editor\" data-id=\"be83366\" data-element_type=\"widget\" data-e-type=\"widget\" data-widget_type=\"text-editor.default\">\n\t\t\t\t\t\t\t\t\t<p>\u2022 <strong>Solicitud de informaci\u00f3n por parte del usuario<\/strong>:<br>Gestionar la solicitud de informaci\u00f3n enviada por el usuario a trav\u00e9s del formulario de contacto y\/o la direcci\u00f3n de correo electr\u00f3nico, la direcci\u00f3n postal y\/o el n\u00famero de tel\u00e9fono facilitados a trav\u00e9s del sitio web.<br>\u2022 <strong>Suscripci\u00f3n al bolet\u00edn<\/strong>:<br>Gestionar su suscripci\u00f3n al bolet\u00edn informativo.<br><br><\/p><p>\u2022 <strong>Registro y acceso al perfil de usuario<\/strong>:<br>Gesti\u00f3n del registro y el acceso al portal de usuario mediante el nombre de usuario y la contrase\u00f1a correspondientes.<br>\u2022 <strong>Gesti\u00f3n de los comentarios del blog<\/strong>:<br>Gestionar el env\u00edo y la recepci\u00f3n de los comentarios que dejan los usuarios en el blog.<\/p>\t\t\t\t\t\t\t\t<\/div>\n\t\t\t\t<div class=\"elementor-element elementor-element-724973f elementor-widget elementor-widget-text-editor\" data-id=\"724973f\" data-element_type=\"widget\" data-e-type=\"widget\" data-widget_type=\"text-editor.default\">\n\t\t\t\t\t\t\t\t\t<h4>Qu\u00e9 datos personales recopilamos<br><\/h4>\t\t\t\t\t\t\t\t<\/div>\n\t\t\t\t<div class=\"elementor-element elementor-element-c1bd3cc elementor-widget elementor-widget-text-editor\" data-id=\"c1bd3cc\" data-element_type=\"widget\" data-e-type=\"widget\" data-widget_type=\"text-editor.default\">\n\t\t\t\t\t\t\t\t\t<p>A trav\u00e9s de nuestro sitio web, podemos recopilar datos personales para diversos fines:<\/p><p><br>\u2022 <strong>Solicitud de informaci\u00f3n por parte del usuario<\/strong>:<br>Recopilamos los datos personales que nos haya proporcionado en relaci\u00f3n con su consulta.<br>\u2022 <strong>Suscripci\u00f3n al bolet\u00edn<\/strong>:<br>Recopilamos su direcci\u00f3n de correo electr\u00f3nico.<br>\u2022 <strong>Registro y acceso al perfil de usuario<\/strong>:<br>Recopilamos el nombre de usuario y la contrase\u00f1a, as\u00ed como cualquier otra informaci\u00f3n facilitada con la finalidad de crear la cuenta o el perfil.<br>\u2022 <strong>Gesti\u00f3n de los comentarios del blog<\/strong>:<br>Cualquier informaci\u00f3n facilitada al publicar el comentario correspondiente.<\/p><p> <\/p><p>En funci\u00f3n de la finalidad para la que se proporcionen los datos, solo se solicitar\u00e1n los datos estrictamente necesarios. Es importante que los usuarios sean conscientes de los datos que proporcionan y del prop\u00f3sito por el que lo hacen, ya que al proporcionarlos aceptan que recopilemos, almacenemos y utilicemos dichos datos para el fin requerido. Podr\u00e1n retirar su consentimiento en cualquier momento a trav\u00e9s de los canales adecuados, siendo el consentimiento del interesado la base jur\u00eddica y la justificaci\u00f3n para el tratamiento de sus datos personales.  <\/p>\t\t\t\t\t\t\t\t<\/div>\n\t\t\t\t<div class=\"elementor-element elementor-element-f1f1256 elementor-widget elementor-widget-text-editor\" data-id=\"f1f1256\" data-element_type=\"widget\" data-e-type=\"widget\" data-widget_type=\"text-editor.default\">\n\t\t\t\t\t\t\t\t\t<h4>Cu\u00e1l es la base jur\u00eddica para el tratamiento de datos personales<br><\/h4>\t\t\t\t\t\t\t\t<\/div>\n\t\t\t\t<div class=\"elementor-element elementor-element-19c1d57 elementor-widget elementor-widget-text-editor\" data-id=\"19c1d57\" data-element_type=\"widget\" data-e-type=\"widget\" data-widget_type=\"text-editor.default\">\n\t\t\t\t\t\t\t\t\t<p>De acuerdo con la normativa vigente en materia de protecci\u00f3n de datos, necesitamos una base jur\u00eddica para tratar sus datos personales. La base jur\u00eddica es su consentimiento.<br> <\/p>\t\t\t\t\t\t\t\t<\/div>\n\t\t\t\t<div class=\"elementor-element elementor-element-833c4cb elementor-widget elementor-widget-text-editor\" data-id=\"833c4cb\" data-element_type=\"widget\" data-e-type=\"widget\" data-widget_type=\"text-editor.default\">\n\t\t\t\t\t\t\t\t\t<h4>Qu\u00e9 derechos tiene sobre los datos personales que nos proporciona<\/h4>\t\t\t\t\t\t\t\t<\/div>\n\t\t\t\t<div class=\"elementor-element elementor-element-f0f4d68 elementor-widget elementor-widget-text-editor\" data-id=\"f0f4d68\" data-element_type=\"widget\" data-e-type=\"widget\" data-widget_type=\"text-editor.default\">\n\t\t\t\t\t\t\t\t\t<p>Como usuario, puede ejercer los siguientes derechos:<\/p><p>\u2022 <span style=\"text-decoration: underline;\">Derecho de acceso<\/span>: Tiene derecho a obtener de la empresa confirmaci\u00f3n de si se est\u00e1n tratando o no sus datos personales y, en tal caso, qu\u00e9 datos est\u00e1n siendo tratados.<br>\u2022 <span style=\"text-decoration: underline;\">Derecho de rectificaci\u00f3n<\/span>: Tiene derecho a obtener del AJUNTAMENT DE CAP\u00c7ANES la rectificaci\u00f3n de los datos personales inexactos que le conciernan. En la solicitud de rectificaci\u00f3n deber\u00e1 indicar los datos que desea que se modifiquen.<br>\u2022 Derecho de oposici\u00f3n: Tiene derecho a oponerse en cualquier momento, por motivos relacionados con su situaci\u00f3n particular, al tratamiento de los datos personales que le conciernan basado en el inter\u00e9s leg\u00edtimo de la empresa. En este caso, la empresa dejar\u00e1 de tratar sus datos personales, salvo que pueda acreditar motivos leg\u00edtimos imperiosos para el tratamiento que prevalezcan sobre sus intereses, derechos y libertades, o para la formulaci\u00f3n, el ejercicio o la defensa de reclamaciones legales.<br>\u2022 <span style=\"text-decoration: underline;\">Derecho de supresi\u00f3n<\/span>: Tiene derecho a obtener del AJUNTAMENT DE CAP\u00c7ANES la supresi\u00f3n de los datos personales que le conciernan.<br>\u2022 <span style=\"text-decoration: underline;\">Derecho a la portabilidad de los datos<\/span>: Tiene derecho a que la empresa transfiera sus datos personales a otro responsable del tratamiento. Este derecho solo podr\u00e1 ejercerse cuando el tratamiento se base en la ejecuci\u00f3n de un contrato o en su consentimiento y se realice por medios automatizados.<br>\u2022 <span style=\"text-decoration: underline;\">Derecho a la limitaci\u00f3n del tratamiento<\/span>: Tiene derecho a confirmaci\u00f3n de la limitaci\u00f3n del tratamiento de sus datos cuando impugne la exactitud de los mismos, mientras el AJUNTAMENT DE CAP\u00c7ANES verifica su exactitud, o cuando haya ejercido su derecho de oposici\u00f3n al tratamiento mientras se verifica si los motivos leg\u00edtimos del AJUNTAMENT DE CAP\u00c7ANES prevalecen sobre los suyos como interesado.   <\/p>\t\t\t\t\t\t\t\t<\/div>\n\t\t\t\t<div class=\"elementor-element elementor-element-6b51e4b elementor-widget elementor-widget-text-editor\" data-id=\"6b51e4b\" data-element_type=\"widget\" data-e-type=\"widget\" data-widget_type=\"text-editor.default\">\n\t\t\t\t\t\t\t\t\t<p>Puede ejercer estos derechos en cualquier momento dirigi\u00e9ndose por escrito al responsable del tratamiento a la direcci\u00f3n indicada anteriormente, acreditando su identidad, o enviando un correo electr\u00f3nico a: AJ.CAPCANES@ALTANET.ORG<\/p><p> <\/p><p>Asimismo, puede presentar una reclamaci\u00f3n ante la autoridad de control, en este caso la Agencia Espa\u00f1ola de Protecci\u00f3n de Datos, si considera que el tratamiento de datos personales infringe la legislaci\u00f3n aplicable.<\/p>\t\t\t\t\t\t\t\t<\/div>\n\t\t\t\t<div class=\"elementor-element elementor-element-a3e803b elementor-widget elementor-widget-text-editor\" data-id=\"a3e803b\" data-element_type=\"widget\" data-e-type=\"widget\" data-widget_type=\"text-editor.default\">\n\t\t\t\t\t\t\t\t\t<h4>Seguridad y conservaci\u00f3n de los datos<\/h4>\t\t\t\t\t\t\t\t<\/div>\n\t\t\t\t<div class=\"elementor-element elementor-element-4c80476 elementor-widget elementor-widget-text-editor\" data-id=\"4c80476\" data-element_type=\"widget\" data-e-type=\"widget\" data-widget_type=\"text-editor.default\">\n\t\t\t\t\t\t\t\t\t<p>Conservaremos los datos durante el tiempo estrictamente necesario para prestar el servicio solicitado y mientras el titular no solicite su supresi\u00f3n, adoptando las medidas t\u00e9cnicas y organizativas adecuadas contra el tratamiento no autorizado o il\u00edcito y contra la p\u00e9rdida, alteraci\u00f3n, divulgaci\u00f3n o destrucci\u00f3n accidentales, haciendo todo lo posible para protegerlos y mantenerlos seguros.<\/p>\t\t\t\t\t\t\t\t<\/div>\n\t\t\t\t<div class=\"elementor-element elementor-element-36bb151 elementor-widget elementor-widget-text-editor\" data-id=\"36bb151\" data-element_type=\"widget\" data-e-type=\"widget\" data-widget_type=\"text-editor.default\">\n\t\t\t\t\t\t\t\t\t<h4>Qu\u00e9 datos personales compartimos con terceros<\/h4>\t\t\t\t\t\t\t\t<\/div>\n\t\t\t\t<div class=\"elementor-element elementor-element-29f5a40 elementor-widget elementor-widget-text-editor\" data-id=\"29f5a40\" data-element_type=\"widget\" data-e-type=\"widget\" data-widget_type=\"text-editor.default\">\n\t\t\t\t\t\t\t\t\t<p>No se prev\u00e9n transferencias de datos, salvo en los casos en que exista una obligaci\u00f3n legal o cuando la comunicaci\u00f3n sea necesaria para poder prestar adecuadamente el servicio solicitado. No se prev\u00e9n transferencias internacionales de datos.<br> <\/p>\t\t\t\t\t\t\t\t<\/div>\n\t\t\t\t\t<\/div>\n\t\t\t\t<\/div>\n\t\t<div class=\"elementor-element elementor-element-5b58de1 e-flex e-con-boxed e-con e-parent\" data-id=\"5b58de1\" data-element_type=\"container\" data-e-type=\"container\">\n\t\t\t\t\t<div class=\"e-con-inner\">\n\t\t\t\t<div class=\"elementor-element elementor-element-2405e63 elementor-widget elementor-widget-text-editor\" data-id=\"2405e63\" data-element_type=\"widget\" data-e-type=\"widget\" data-widget_type=\"text-editor.default\">\n\t\t\t\t\t\t\t\t\t<h4 style=\"text-align: center;\">AJUNTAMENT DE CAP\u00c7ANES<\/h4>\t\t\t\t\t\t\t\t<\/div>\n\t\t\t\t<div class=\"elementor-element elementor-element-c202a42 elementor-widget elementor-widget-text-editor\" data-id=\"c202a42\" data-element_type=\"widget\" data-e-type=\"widget\" data-widget_type=\"text-editor.default\">\n\t\t\t\t\t\t\t\t\t<p style=\"text-align: center;\">Pla\u00e7a de l&#8217;Esgl\u00e9sia, 7 &#8211; 43776 &#8211; Cap\u00e7anes (Tarragona)<\/p>\t\t\t\t\t\t\t\t<\/div>\n\t\t\t\t<div class=\"elementor-element elementor-element-3e178b4 elementor-widget elementor-widget-text-editor\" data-id=\"3e178b4\" data-element_type=\"widget\" data-e-type=\"widget\" data-widget_type=\"text-editor.default\">\n\t\t\t\t\t\t\t\t\t<p>Puede optar por evitar que este sitio web agregue y analice las acciones que realice aqu\u00ed. De este modo proteger\u00e1 su privacidad, pero tambi\u00e9n impedir\u00e1 que el propietario aprenda de sus acciones y cree una mejor experiencia para usted y el resto de usuarios. <\/p>\t\t\t\t\t\t\t\t<\/div>\n\t\t\t\t<div class=\"elementor-element elementor-element-4ce8064 elementor-widget-divider--view-line elementor-widget elementor-widget-divider\" data-id=\"4ce8064\" data-element_type=\"widget\" data-e-type=\"widget\" data-widget_type=\"divider.default\">\n\t\t\t\t\t\t\t<div class=\"elementor-divider\">\n\t\t\t<span class=\"elementor-divider-separator\">\n\t\t\t\t\t\t<\/span>\n\t\t<\/div>\n\t\t\t\t\t\t<\/div>\n\t\t\t\t\t<\/div>\n\t\t\t\t<\/div>\n\t\t\t\t<\/div>\n\t\t","protected":false},"excerpt":{"rendered":"<p>Pol\u00edtica de privacidad Somos una entidad para la cual la transparencia de la informaci\u00f3n es esencial para establecer una relaci\u00f3n de confianza con las personas que<span class=\"excerpt-hellip\"> [\u2026]<\/span><\/p>\n","protected":false},"author":1,"featured_media":0,"parent":0,"menu_order":0,"comment_status":"closed","ping_status":"closed","template":"elementor_header_footer","meta":{"footnotes":""},"class_list":["post-1989","page","type-page","status-publish","hentry"],"_links":{"self":[{"href":"https:\/\/capcanesturisme.com\/es\/wp-json\/wp\/v2\/pages\/1989","targetHints":{"allow":["GET"]}}],"collection":[{"href":"https:\/\/capcanesturisme.com\/es\/wp-json\/wp\/v2\/pages"}],"about":[{"href":"https:\/\/capcanesturisme.com\/es\/wp-json\/wp\/v2\/types\/page"}],"author":[{"embeddable":true,"href":"https:\/\/capcanesturisme.com\/es\/wp-json\/wp\/v2\/users\/1"}],"replies":[{"embeddable":true,"href":"https:\/\/capcanesturisme.com\/es\/wp-json\/wp\/v2\/comments?post=1989"}],"version-history":[{"count":1,"href":"https:\/\/capcanesturisme.com\/es\/wp-json\/wp\/v2\/pages\/1989\/revisions"}],"predecessor-version":[{"id":1991,"href":"https:\/\/capcanesturisme.com\/es\/wp-json\/wp\/v2\/pages\/1989\/revisions\/1991"}],"wp:attachment":[{"href":"https:\/\/capcanesturisme.com\/es\/wp-json\/wp\/v2\/media?parent=1989"}],"curies":[{"name":"wp","href":"https:\/\/api.w.org\/{rel}","templated":true}]}}