{"id":1919,"date":"2025-10-17T09:15:08","date_gmt":"2025-10-17T09:15:08","guid":{"rendered":"https:\/\/capcanesturisme.com\/experiencias\/visita-guiada\/"},"modified":"2025-12-19T12:41:30","modified_gmt":"2025-12-19T12:41:30","slug":"visita-guiada","status":"publish","type":"page","link":"https:\/\/capcanesturisme.com\/es\/experiencias\/visita-guiada\/","title":{"rendered":"Visita guiada"},"content":{"rendered":"\t\t<div data-elementor-type=\"wp-page\" data-elementor-id=\"1919\" class=\"elementor elementor-1919 elementor-138\">\n\t\t\t\t<div class=\"elementor-element elementor-element-3e29662 e-con-full e-flex e-con e-parent\" data-id=\"3e29662\" data-element_type=\"container\" data-e-type=\"container\" data-settings=\"{&quot;background_background&quot;:&quot;classic&quot;}\">\n\t\t<div class=\"elementor-element elementor-element-cb01455 e-con-full e-flex e-con e-child\" data-id=\"cb01455\" data-element_type=\"container\" data-e-type=\"container\">\n\t\t<div class=\"elementor-element elementor-element-fd58b03 e-flex e-con-boxed e-con e-child\" data-id=\"fd58b03\" data-element_type=\"container\" data-e-type=\"container\">\n\t\t\t\t\t<div class=\"e-con-inner\">\n\t\t\t\t<div class=\"elementor-element elementor-element-a920a75 elementor-invisible elementor-widget elementor-widget-text-editor\" data-id=\"a920a75\" data-element_type=\"widget\" data-e-type=\"widget\" data-settings=\"{&quot;_animation&quot;:&quot;fadeIn&quot;,&quot;_animation_delay&quot;:100}\" data-widget_type=\"text-editor.default\">\n\t\t\t\t\t\t\t\t\t<p>Experiencias<\/p>\t\t\t\t\t\t\t\t<\/div>\n\t\t\t\t<div class=\"elementor-element elementor-element-be532fd lead elementor-widget elementor-widget-heading\" data-id=\"be532fd\" data-element_type=\"widget\" data-e-type=\"widget\" data-widget_type=\"heading.default\">\n\t\t\t\t\t<h1 class=\"elementor-heading-title elementor-size-default\">Visita guiada<\/h1>\t\t\t\t<\/div>\n\t\t\t\t<div class=\"elementor-element elementor-element-c041be5 elementor-invisible elementor-widget elementor-widget-text-editor\" data-id=\"c041be5\" data-element_type=\"widget\" data-e-type=\"widget\" data-settings=\"{&quot;_animation&quot;:&quot;fadeIn&quot;,&quot;_animation_delay&quot;:100}\" data-widget_type=\"text-editor.default\">\n\t\t\t\t\t\t\t\t\t<p align=\"left\">Cada rinc\u00f3n de Cap\u00e7anes tiene una historia que contar. Con las visitas guiadas personalizadas, te acompa\u00f1amos a descubrir el pueblo desde dentro: los vi\u00f1edos, los senderos, los espacios de memoria, las leyendas, las piedras que hablan. Nos adaptamos a ti: edad, intereses, duraci\u00f3n, dificultad\u2026 Ya sea para familias, grupos escolares o escapadas con amigos, te dise\u00f1amos una experiencia a medida. Rellena el formulario y te ayudaremos a crear una ruta \u00fanica.   <\/p>\t\t\t\t\t\t\t\t<\/div>\n\t\t<div class=\"elementor-element elementor-element-e7461d6 e-con-full e-flex e-con e-child\" data-id=\"e7461d6\" data-element_type=\"container\" data-e-type=\"container\">\n\t\t<div class=\"elementor-element elementor-element-9c9b1cc e-con-full e-flex elementor-invisible e-con e-child\" data-id=\"9c9b1cc\" data-element_type=\"container\" data-e-type=\"container\" data-settings=\"{&quot;background_background&quot;:&quot;classic&quot;,&quot;animation&quot;:&quot;fadeIn&quot;,&quot;animation_delay&quot;:100}\">\n\t\t\t\t<div class=\"elementor-element elementor-element-2697181 lead elementor-widget elementor-widget-text-editor\" data-id=\"2697181\" data-element_type=\"widget\" data-e-type=\"widget\" data-widget_type=\"text-editor.default\">\n\t\t\t\t\t\t\t\t\t<p style=\"text-align: center;\" align=\"left\"><span style=\"text-decoration: underline;\"><strong><a href=\"#formulari\">Rellena el formulario<\/a><\/strong><\/span> y te ayudaremos a crear una ruta \u00fanica<\/p>\t\t\t\t\t\t\t\t<\/div>\n\t\t\t\t<\/div>\n\t\t\t\t<\/div>\n\t\t\t\t\t<\/div>\n\t\t\t\t<\/div>\n\t\t\t\t<\/div>\n\t\t<div class=\"elementor-element elementor-element-95bbc8a e-con-full e-flex elementor-invisible e-con e-child\" data-id=\"95bbc8a\" data-element_type=\"container\" data-e-type=\"container\" data-settings=\"{&quot;background_background&quot;:&quot;classic&quot;,&quot;animation&quot;:&quot;fadeIn&quot;,&quot;animation_delay&quot;:300}\">\n\t\t\t\t<\/div>\n\t\t\t\t<\/div>\n\t\t<div class=\"elementor-element elementor-element-d05cbb3 e-con-full e-flex e-con e-parent\" data-id=\"d05cbb3\" data-element_type=\"container\" data-e-type=\"container\" id=\"formulari\">\n\t\t\t\t<div class=\"elementor-element elementor-element-b561279 lead elementor-widget elementor-widget-text-editor\" data-id=\"b561279\" data-element_type=\"widget\" data-e-type=\"widget\" data-widget_type=\"text-editor.default\">\n\t\t\t\t\t\t\t\t\t<p align=\"left\">Rellena este formulario y nos pondremos en contacto contigo.<br><\/p>\t\t\t\t\t\t\t\t<\/div>\n\t\t\t\t<\/div>\n\t\t<div class=\"elementor-element elementor-element-ffa4433 e-con-full e-flex e-con e-parent\" data-id=\"ffa4433\" data-element_type=\"container\" data-e-type=\"container\" data-settings=\"{&quot;background_background&quot;:&quot;classic&quot;}\">\n\t\t<div class=\"elementor-element elementor-element-87d9321 e-con-full e-flex e-con e-child\" data-id=\"87d9321\" data-element_type=\"container\" data-e-type=\"container\" data-settings=\"{&quot;background_background&quot;:&quot;classic&quot;}\">\n\t\t\t\t<div class=\"elementor-element elementor-element-4edc034 elementor-widget elementor-widget-ucaddon_contact_form_7\" data-id=\"4edc034\" data-element_type=\"widget\" data-e-type=\"widget\" data-widget_type=\"ucaddon_contact_form_7.default\">\n\t\t\t\t<div class=\"elementor-widget-container\">\n\t\t\t\t\t\n<!-- start Contact Form 7 -->\n<style>\/* widget: Contact Form 7 *\/\n\n#uc_contact_form_7_elementor_4edc034 {\n  display: flex;  \n  flex-direction: column;\n}\n#uc_contact_form_7_elementor_4edc034 .wpcf7-list-item {\n    margin: 0 0 0 8px;\n}\n\n#uc_contact_form_7_elementor_4edc034 .wpcf7-form p:has(.wpcf7-submit){\n  display:flex;\n  flex-wrap: wrap;\n}\n\n#uc_contact_form_7_elementor_4edc034 .ue_contact_form_7 label{\n  display: block;\n}\n\n#uc_contact_form_7_elementor_4edc034 .wpcf7-checkbox, #uc_contact_form_7_elementor_4edc034 .wpcf7-radio{\n  display:flex;\n  flex-wrap: wrap;\n}\n\n#uc_contact_form_7_elementor_4edc034 .wpcf7-form-control-wrap{\n  display:flex;\n  width:100%;\n  flex-wrap: wrap;\n}\n\n\n#uc_contact_form_7_elementor_4edc034 .wpcf7-checkbox .wpcf7-list-item-label{\n  display: flex;\n  align-items: center;\n}\n#uc_contact_form_7_elementor_4edc034 .wpcf7-checkbox input{\n  position: absolute;\n  opacity: 0;\n}\n#uc_contact_form_7_elementor_4edc034 .wpcf7-checkbox input + .wpcf7-list-item-label{\n  position: relative;\n  cursor: pointer;\n  padding: 0;\n}\n#uc_contact_form_7_elementor_4edc034 .wpcf7-checkbox input + .wpcf7-list-item-label:before{\n  content: \"\";\n  display: inline-block;\n  vertical-align: text-top;\n  transition-duration: 300ms;\n}\n\n#uc_contact_form_7_elementor_4edc034 .wpcf7-checkbox input:checked + .wpcf7-list-item-label:after {\n  content: \"\";\n  position: absolute;\n  width:2px;\n  height:2px;\n  background: #ffffff;\n  box-shadow: 2px 0 0 #ffffff, 4px 0 0 #ffffff, 4px -2px 0 #ffffff, 4px -4px 0 #ffffff, 4px -6px 0 #ffffff, 4px -8px 0 #ffffff;\n  transform: rotate(45deg);\n}\n\n\n\n#uc_contact_form_7_elementor_4edc034 .wpcf7-acceptance .wpcf7-list-item-label{\n  display: flex;\n  align-items: center;\n}\n#uc_contact_form_7_elementor_4edc034 .wpcf7-acceptance input{\n  position: absolute;\n  opacity: 0;\n}\n#uc_contact_form_7_elementor_4edc034 .wpcf7-acceptance input + .wpcf7-list-item-label{\n  position: relative;\n  cursor: pointer;\n  padding: 0;\n}\n#uc_contact_form_7_elementor_4edc034 .wpcf7-acceptance input + .wpcf7-list-item-label:before{\n  flex-shrink: 0;\n  content: \"\";\n  display: inline-block;\n  vertical-align: text-top;\n  transition-duration: 300ms;\n}\n\n#uc_contact_form_7_elementor_4edc034 .wpcf7-acceptance input:checked + .wpcf7-list-item-label:after {\n  flex-shrink: 0;\n  content: \"\";\n  position: absolute;\n  width:2px;\n  height:2px;\n  background: #ffffff;\n  box-shadow: 2px 0 0 #ffffff, 4px 0 0 #ffffff, 4px -2px 0 #ffffff, 4px -4px 0 #ffffff, 4px -6px 0 #ffffff, 4px -8px 0 #ffffff;\n  transform: rotate(45deg);\n}\n\n.ue_contact_form_7 p > label{\n  line-height: inherit;\n}\n\n<\/style>\n\n<div id=\"uc_contact_form_7_elementor_4edc034\" class=\"ue_contact_form_7\">\n  <div class=\"ue_form_wrapper\">\n            \n    \n<div class=\"wpcf7 no-js\" id=\"wpcf7-f2036-o1\" lang=\"es-ES\" dir=\"ltr\" data-wpcf7-id=\"2036\">\n<div class=\"screen-reader-response\"><p role=\"status\" aria-live=\"polite\" aria-atomic=\"true\"><\/p> <ul><\/ul><\/div>\n<form action=\"\/es\/wp-json\/wp\/v2\/pages\/1919#wpcf7-f2036-o1\" method=\"post\" class=\"wpcf7-form init\" aria-label=\"Formulario de contacto\" novalidate=\"novalidate\" data-status=\"init\">\n<fieldset class=\"hidden-fields-container\"><input type=\"hidden\" name=\"_wpcf7\" value=\"2036\" \/><input type=\"hidden\" name=\"_wpcf7_version\" value=\"6.1.5\" \/><input type=\"hidden\" name=\"_wpcf7_locale\" value=\"es_ES\" \/><input type=\"hidden\" name=\"_wpcf7_unit_tag\" value=\"wpcf7-f2036-o1\" \/><input type=\"hidden\" name=\"_wpcf7_container_post\" value=\"0\" \/><input type=\"hidden\" name=\"_wpcf7_posted_data_hash\" value=\"\" \/>\n<\/fieldset>\n<p class=\"formfield formfieldodd\"><label for=\"your-name\"> Nombre: <\/label><span class=\"wpcf7-form-control-wrap\" data-name=\"your-name\"><input size=\"40\" maxlength=\"400\" class=\"wpcf7-form-control wpcf7-text wpcf7-validates-as-required\" id=\"your-name\" autocomplete=\"name\" aria-required=\"true\" aria-invalid=\"false\" value=\"\" type=\"text\" name=\"your-name\" \/><\/span>\n<\/p>\n<p class=\"formfield\"><label for=\"your-email\"> Correo:<\/label><span class=\"wpcf7-form-control-wrap\" data-name=\"your-email\"><input size=\"40\" maxlength=\"400\" class=\"wpcf7-form-control wpcf7-email wpcf7-validates-as-required wpcf7-text wpcf7-validates-as-email\" id=\"your-email\" autocomplete=\"email\" aria-required=\"true\" aria-invalid=\"false\" value=\"\" type=\"email\" name=\"your-email\" \/><\/span>\n<\/p>\n<p class=\"formfield formfieldodd\"><label for=\"tel-580\"> Tel\u00e9fono: <\/label><span class=\"wpcf7-form-control-wrap\" data-name=\"tel-580\"><input size=\"40\" maxlength=\"400\" class=\"wpcf7-form-control wpcf7-tel wpcf7-text wpcf7-validates-as-tel\" id=\"tel-580\" autocomplete=\"phone\" aria-invalid=\"false\" value=\"\" type=\"tel\" name=\"tel-580\" \/><\/span>\n<\/p>\n<p class=\"formfield\"><label for=\"your-subject\"> Asunto: <\/label><span class=\"wpcf7-form-control-wrap\" data-name=\"your-subject\"><input size=\"40\" maxlength=\"400\" class=\"wpcf7-form-control wpcf7-text wpcf7-validates-as-required\" id=\"your-subject\" aria-required=\"true\" aria-invalid=\"false\" value=\"\" type=\"text\" name=\"your-subject\" \/><\/span>\n<\/p>\n<p class=\"formtextarea\"><label for=\"your-message\"> Mensaje: <\/label><span class=\"wpcf7-form-control-wrap\" data-name=\"your-message\"><textarea cols=\"40\" rows=\"10\" maxlength=\"2000\" class=\"wpcf7-form-control wpcf7-textarea wpcf7-validates-as-required\" id=\"your-message\" aria-required=\"true\" aria-invalid=\"false\" name=\"your-message\"><\/textarea><\/span>\n<\/p>\n<p class=\"formtacceptance\"><span class=\"wpcf7-form-control-wrap\" data-name=\"acceptance-543\"><span class=\"wpcf7-form-control wpcf7-acceptance\"><span class=\"wpcf7-list-item\"><label><input type=\"checkbox\" name=\"acceptance-543\" value=\"1\" aria-invalid=\"false\" \/><span class=\"wpcf7-list-item-label\">Confirmas que has le\u00eddo y aceptas la pol\u00edtica de privacidad y el aviso legal.<\/span><\/label><\/span><\/span><\/span>\n<\/p>\n<p class=\"formsubmit\"><div class=\"altcha-widget-wrap\"><altcha-widget challengeurl=\"https:\/\/capcanesturisme.com\/es\/wp-json\/altcha\/v1\/challenge\" strings=\"{&quot;error&quot;:&quot;La verificaci\\u00f3n ha fallado. Int\\u00e9ntelo de nuevo m\\u00e1s tarde.&quot;,&quot;footer&quot;:&quot;Protegido por &lt;a href=\\&quot;https:\\\/\\\/altcha.org\\\/\\&quot; target=\\&quot;_blank\\&quot;&gt;ALTCHA&lt;\\\/a&gt;&quot;,&quot;label&quot;:&quot;No soy un robot&quot;,&quot;verified&quot;:&quot;Verificado&quot;,&quot;verifying&quot;:&quot;Verificando...&quot;,&quot;waitAlert&quot;:&quot;Verificando... por favor, espere.&quot;}\" hidelogo=\"1\" hidefooter=\"1\"><\/altcha-widget><noscript><div class=\"altcha-no-javascript\">This form requires JavaScript!<\/div><\/noscript><\/div><input class=\"wpcf7-form-control wpcf7-submit has-spinner\" type=\"submit\" value=\"Enviar\" \/>\n<\/p><div class=\"wpcf7-response-output\" aria-hidden=\"true\"><\/div>\n<\/form>\n<\/div>\n    \n  <\/div>\n<\/div>\n<!-- end Contact Form 7 -->\t\t\t\t<\/div>\n\t\t\t\t<\/div>\n\t\t\t\t<\/div>\n\t\t\t\t<\/div>\n\t\t<div class=\"elementor-element elementor-element-3f072f6 e-con-full e-flex e-con e-parent\" data-id=\"3f072f6\" data-element_type=\"container\" data-e-type=\"container\" data-settings=\"{&quot;background_background&quot;:&quot;classic&quot;}\">\n\t\t<div class=\"elementor-element elementor-element-aa2012e e-con-full e-flex e-con e-child\" data-id=\"aa2012e\" data-element_type=\"container\" data-e-type=\"container\">\n\t\t\t\t<div class=\"elementor-element elementor-element-5128358 elementor-widget elementor-widget-text-editor\" data-id=\"5128358\" data-element_type=\"widget\" data-e-type=\"widget\" data-widget_type=\"text-editor.default\">\n\t\t\t\t\t\t\t\t\t<p align=\"left\">No te pierdas las mejores actividades para hacer en grupo, con ni\u00f1os y en pareja.<br><\/p>\t\t\t\t\t\t\t\t<\/div>\n\t\t\t\t<\/div>\n\t\t\t\t<\/div>\n\t\t<div class=\"elementor-element elementor-element-3bcea62 e-con-full e-flex e-con e-parent\" data-id=\"3bcea62\" data-element_type=\"container\" data-e-type=\"container\" data-settings=\"{&quot;background_background&quot;:&quot;classic&quot;}\">\n\t\t\t\t<div class=\"elementor-element elementor-element-e3bba94 carrusel-horiz lead elementor-widget elementor-widget-ucaddon_card_carousel\" data-id=\"e3bba94\" data-element_type=\"widget\" data-e-type=\"widget\" data-widget_type=\"ucaddon_card_carousel.default\">\n\t\t\t\t<div class=\"elementor-widget-container\">\n\t\t\t\t\t\n<!-- start Card Carousel -->\n\t\t<link id='font-awesome-css' href='https:\/\/capcanesturisme.com\/wp-content\/plugins\/unlimited-elements-for-elementor\/assets_libraries\/font-awesome6\/fontawesome-all.min.css' type='text\/css' rel='stylesheet' >\n\t\t<link id='font-awesome-4-shim-css' href='https:\/\/capcanesturisme.com\/wp-content\/plugins\/unlimited-elements-for-elementor\/assets_libraries\/font-awesome6\/fontawesome-v4-shims.min.css' type='text\/css' rel='stylesheet' >\n\t\t<link id='owl-carousel-css' href='https:\/\/capcanesturisme.com\/wp-content\/plugins\/unlimited-elements-for-elementor\/assets_libraries\/owl-carousel-new\/assets\/owl.carousel.css' type='text\/css' rel='stylesheet' >\n\t\t<link id='uc_ac_assets_file_animate_css_77907-css' href='https:\/\/capcanesturisme.com\/wp-content\/uploads\/ac_assets\/uc_classic_carousel\/animate.css' type='text\/css' rel='stylesheet' >\n\n<style>\/* widget: Card Carousel *\/\n\n#uc_card_carousel_elementor_e3bba94-wrapper{\n  min-height:1px;\n}\n\n#uc_card_carousel_elementor_e3bba94 *{\n\t-webkit-box-sizing: border-box;\n\t-moz-box-sizing: border-box;\n\tbox-sizing: border-box;\n}\n\n#uc_card_carousel_elementor_e3bba94 .ue-carousel-item{\n  overflow:hidden;\n  transition:0.3s;\n}\n\n#uc_card_carousel_elementor_e3bba94 .uc_classic_carousel_container_holder{\n\tdisplay:block;\n\tposition:relative;\n\twidth:100%;\n    box-sizing: border-box;\n}\n#uc_card_carousel_elementor_e3bba94 .uc_classic_carousel_placeholder{\n   position:relative;\n}\n\n\n#uc_card_carousel_elementor_e3bba94 .uc_classic_carousel_placeholder img, #uc_card_carousel_elementor_e3bba94 .ue_card_carousel_image_overlay{\n  transition: all 300ms;\n}\n\n.card_carousel_title{\n\tfont-size:21px;\n}\n\n.uc_classic_carousel .uc_classic_carousel_border{\n\tdisplay:block;\n    margin:0 auto;\n}\n\n.uc_classic_carousel  .uc_classic_carousel_placeholder img{\n\twidth:100%;    \n    display:block;\n}\n\n.uc_classic_carousel .uc_classic_carousel_content{\n  display: flex;\n  flex-flow: column nowrap;\n}\n\n.uc_classic_carousel .ue_button{\n  margin-top:auto;\n}\n\n.uc_classic_carousel .uc_classic_carousel_content .uc_more_btn {\n\tdisplay:inline-block;\n\ttext-decoration:none;\n\ttransition: all 0.5s ease;\n}\n\n#uc_card_carousel_elementor_e3bba94 .owl-dots {\n  overflow:hidden;\n  text-align:center;\n}\n\n#uc_card_carousel_elementor_e3bba94 .owl-dot {\n  border-radius:50%;\n  display:inline-block;\n}\n\n#uc_card_carousel_elementor_e3bba94 .owl-nav .owl-prev,\n#uc_card_carousel_elementor_e3bba94 .owl-nav .owl-next{\n    position:absolute;\n    display:flex;\n  \tjustify-content: center;\n  \talign-items: center;\n    text-align:center;\n}\n\n#uc_card_carousel_elementor_e3bba94 .owl-nav .disabled{\n    display: none;  \n}\n\n\n#uc_card_carousel_elementor_e3bba94 .ue-item-icon{\n  line-height:1em;\n  display:inline-flex;\n  justify-content:center;\n  align-items:center;  \n}\n\n#uc_card_carousel_elementor_e3bba94 .ue-item-icon svg{\n  height:1em;\n  width:1em;\n}\n\n#uc_card_carousel_elementor_e3bba94 .ue-item-icon-wrapper{\n  display:flex;\n}\n\n#uc_card_carousel_elementor_e3bba94 .uc_classic_carousel_container_holder {\n\t max-width: ;\n}\n\n\n\n@media screen and (max-width: 1024px) {\n  #uc_card_carousel_elementor_e3bba94 .uc_classic_carousel_container_holder {\n\t max-width: ;\n  }\n}\n\n@media screen and (max-width: 767px) {\n  #uc_card_carousel_elementor_e3bba94 .uc_classic_carousel_container_holder {\n    max-width: ;\n  }\n}\n\n<\/style>\n\n<div class=\"uc_classic_carousel\" id=\"uc_card_carousel_elementor_e3bba94-wrapper\">\n  <div class=\"uc_carousel owl-carousel uc-items-wrapper  \" id=\"uc_card_carousel_elementor_e3bba94\"  >\n    \n\n\n<div id=\"uc_card_carousel_elementor_e3bba94_item1\" class=\"uc_classic_carousel_container_holder ue-item elementor-repeater-item-82bd0e6\" data-hide-item=\"false\">  \n  <div class=\"ue-carousel-item\">\n    \n    <span class=\"uc_classic_carousel_border\" style=\"\"><\/span>    \n    \n          <div class=\"uc_classic_carousel_placeholder\">\n                  <img fetchpriority=\"high\" decoding=\"async\" src=\"https:\/\/capcanesturisme.com\/wp-content\/uploads\/2025\/12\/senderims-scaled-e1765468692551.jpg\"  src=\"https:\/\/capcanesturisme.com\/wp-content\/uploads\/2025\/12\/senderims-scaled-e1765468692551.jpg\" alt=\"Senderisme_Capsanes\" width=\"1357\" height=\"1515\">\n                      <\/div>\n    \n    <div class=\"uc_classic_carousel_content\" style=\"direction:ltr;\">    \n\n      \n          <div  class=\"card_carousel_title\">Rutas de senderismo<\/div>\n        <div class=\"card_carousel_text\">entre m\u00e1rgenes y vi\u00f1edos.<\/div>      \t\n\n      \t\n      \n    <\/div>\n    \n  <\/div>\n<\/div>\n\n\n\n<div id=\"uc_card_carousel_elementor_e3bba94_item2\" class=\"uc_classic_carousel_container_holder ue-item elementor-repeater-item-6dad5be\" data-hide-item=\"false\">  \n  <div class=\"ue-carousel-item\">\n    \n    <span class=\"uc_classic_carousel_border\" style=\"\"><\/span>    \n    \n          <div class=\"uc_classic_carousel_placeholder\">\n                  <img decoding=\"async\" src=\"https:\/\/capcanesturisme.com\/wp-content\/uploads\/2025\/12\/sa-scaled.webp\"  src=\"https:\/\/capcanesturisme.com\/wp-content\/uploads\/2025\/12\/sa-scaled.webp\" alt=\"sa\" width=\"1705\" height=\"2560\">\n                      <\/div>\n    \n    <div class=\"uc_classic_carousel_content\" style=\"direction:ltr;\">    \n\n      \n          <div  class=\"card_carousel_title\">Enoturismo<\/div>\n        <div class=\"card_carousel_text\">conoce la Do Montsant.<\/div>      \t\n\n      \t\n      \n    <\/div>\n    \n  <\/div>\n<\/div>\n\n\n\n<div id=\"uc_card_carousel_elementor_e3bba94_item3\" class=\"uc_classic_carousel_container_holder ue-item elementor-repeater-item-d6985aa\" data-hide-item=\"false\">  \n  <div class=\"ue-carousel-item\">\n    \n    <span class=\"uc_classic_carousel_border\" style=\"\"><\/span>    \n    \n          <div class=\"uc_classic_carousel_placeholder\">\n                  <img decoding=\"async\" src=\"https:\/\/capcanesturisme.com\/wp-content\/uploads\/2025\/12\/DSC_8014-scaled.webp\"  src=\"https:\/\/capcanesturisme.com\/wp-content\/uploads\/2025\/12\/DSC_8014-scaled.webp\" alt=\"DSC_8014\" width=\"1707\" height=\"2560\">\n                      <\/div>\n    \n    <div class=\"uc_classic_carousel_content\" style=\"direction:ltr;\">    \n\n      \n          <div  class=\"card_carousel_title\">Descubre<\/div>\n        <div class=\"card_carousel_text\">la historia de Cap\u00e7anes.<\/div>      \t\n\n      \t\n      \n    <\/div>\n    \n  <\/div>\n<\/div>\n\n  <\/div>\n<\/div>\n<!-- end Card Carousel -->\t\t\t\t<\/div>\n\t\t\t\t<\/div>\n\t\t\t\t<\/div>\n\t\t\t\t<\/div>\n\t\t","protected":false},"excerpt":{"rendered":"<p>Experiencias Visita guiada Cada rinc\u00f3n de Cap\u00e7anes tiene una historia que contar. Con las visitas guiadas personalizadas, te acompa\u00f1amos a descubrir el pueblo desde dentro: los<span class=\"excerpt-hellip\"> [\u2026]<\/span><\/p>\n","protected":false},"author":1,"featured_media":0,"parent":1828,"menu_order":0,"comment_status":"closed","ping_status":"closed","template":"elementor_header_footer","meta":{"footnotes":""},"class_list":["post-1919","page","type-page","status-publish","hentry"],"_links":{"self":[{"href":"https:\/\/capcanesturisme.com\/es\/wp-json\/wp\/v2\/pages\/1919","targetHints":{"allow":["GET"]}}],"collection":[{"href":"https:\/\/capcanesturisme.com\/es\/wp-json\/wp\/v2\/pages"}],"about":[{"href":"https:\/\/capcanesturisme.com\/es\/wp-json\/wp\/v2\/types\/page"}],"author":[{"embeddable":true,"href":"https:\/\/capcanesturisme.com\/es\/wp-json\/wp\/v2\/users\/1"}],"replies":[{"embeddable":true,"href":"https:\/\/capcanesturisme.com\/es\/wp-json\/wp\/v2\/comments?post=1919"}],"version-history":[{"count":3,"href":"https:\/\/capcanesturisme.com\/es\/wp-json\/wp\/v2\/pages\/1919\/revisions"}],"predecessor-version":[{"id":1936,"href":"https:\/\/capcanesturisme.com\/es\/wp-json\/wp\/v2\/pages\/1919\/revisions\/1936"}],"up":[{"embeddable":true,"href":"https:\/\/capcanesturisme.com\/es\/wp-json\/wp\/v2\/pages\/1828"}],"wp:attachment":[{"href":"https:\/\/capcanesturisme.com\/es\/wp-json\/wp\/v2\/media?parent=1919"}],"curies":[{"name":"wp","href":"https:\/\/api.w.org\/{rel}","templated":true}]}}