{"id":1888,"date":"2025-10-19T18:00:29","date_gmt":"2025-10-19T18:00:29","guid":{"rendered":"https:\/\/capcanesturisme.com\/experiencias\/patrimonio-cultural\/"},"modified":"2026-04-16T23:04:05","modified_gmt":"2026-04-16T23:04:05","slug":"patrimonio-cultural","status":"publish","type":"page","link":"https:\/\/capcanesturisme.com\/es\/experiencias\/patrimonio-cultural\/","title":{"rendered":"Patrimonio cultural"},"content":{"rendered":"\t\t<div data-elementor-type=\"wp-page\" data-elementor-id=\"1888\" class=\"elementor elementor-1888 elementor-209\">\n\t\t\t\t<div class=\"elementor-element elementor-element-d13c293 e-con-full e-flex e-con e-parent\" data-id=\"d13c293\" data-element_type=\"container\" data-e-type=\"container\" data-settings=\"{&quot;background_background&quot;:&quot;classic&quot;}\">\n\t\t<div class=\"elementor-element elementor-element-77a0a12 e-con-full e-flex e-con e-child\" data-id=\"77a0a12\" data-element_type=\"container\" data-e-type=\"container\">\n\t\t<div class=\"elementor-element elementor-element-33aa752 e-flex e-con-boxed e-con e-child\" data-id=\"33aa752\" data-element_type=\"container\" data-e-type=\"container\">\n\t\t\t\t\t<div class=\"e-con-inner\">\n\t\t\t\t<div class=\"elementor-element elementor-element-36b8c8e elementor-invisible elementor-widget elementor-widget-text-editor\" data-id=\"36b8c8e\" data-element_type=\"widget\" data-e-type=\"widget\" data-settings=\"{&quot;_animation&quot;:&quot;fadeIn&quot;,&quot;_animation_delay&quot;:100}\" data-widget_type=\"text-editor.default\">\n\t\t\t\t\t\t\t\t\t<p>Experiencias<br><\/p>\t\t\t\t\t\t\t\t<\/div>\n\t\t\t\t<div class=\"elementor-element elementor-element-54cb2a4 lead elementor-widget elementor-widget-heading\" data-id=\"54cb2a4\" data-element_type=\"widget\" data-e-type=\"widget\" data-widget_type=\"heading.default\">\n\t\t\t\t\t<h1 class=\"elementor-heading-title elementor-size-default\">Patrimonio Cultural<\/h1>\t\t\t\t<\/div>\n\t\t\t\t<div class=\"elementor-element elementor-element-bc76392 elementor-invisible elementor-widget elementor-widget-text-editor\" data-id=\"bc76392\" data-element_type=\"widget\" data-e-type=\"widget\" data-settings=\"{&quot;_animation&quot;:&quot;fadeIn&quot;,&quot;_animation_delay&quot;:100}\" data-widget_type=\"text-editor.default\">\n\t\t\t\t\t\t\t\t\t<p align=\"left\"><i>Huellas antiguas en un paisaje vivo<\/i><\/p>\t\t\t\t\t\t\t\t<\/div>\n\t\t\t\t<div class=\"elementor-element elementor-element-9957ef7 elementor-invisible elementor-widget elementor-widget-text-editor\" data-id=\"9957ef7\" data-element_type=\"widget\" data-e-type=\"widget\" data-settings=\"{&quot;_animation&quot;:&quot;fadeIn&quot;,&quot;_animation_delay&quot;:100}\" data-widget_type=\"text-editor.default\">\n\t\t\t\t\t\t\t\t\t<p align=\"left\">En Cap\u00e7anes, el paisaje no solo se contempla; se interpreta. Entre vi\u00f1edos, barrancos y m\u00e1rgenes de piedra seca se esconden vestigios de una historia remota y silenciosa que a\u00fan hoy nos habla. El patrimonio cultural del municipio es modesto, pero extraordinario, y ofrece una ventana \u00fanica para entender la relaci\u00f3n profunda entre las personas y su tierra a lo largo del tiempo.<br>  <\/p>\t\t\t\t\t\t\t\t<\/div>\n\t\t\t\t\t<\/div>\n\t\t\t\t<\/div>\n\t\t\t\t<\/div>\n\t\t<div class=\"elementor-element elementor-element-56bba9b e-con-full e-flex elementor-invisible e-con e-child\" data-id=\"56bba9b\" data-element_type=\"container\" data-e-type=\"container\" data-settings=\"{&quot;background_background&quot;:&quot;classic&quot;,&quot;animation&quot;:&quot;fadeIn&quot;,&quot;animation_delay&quot;:300}\">\n\t\t\t\t<\/div>\n\t\t\t\t<\/div>\n\t\t<div class=\"elementor-element elementor-element-6c89978 e-con-full e-flex e-con e-parent\" data-id=\"6c89978\" data-element_type=\"container\" data-e-type=\"container\">\n\t\t<div class=\"elementor-element elementor-element-18bb1db e-con-full e-flex elementor-invisible e-con e-child\" data-id=\"18bb1db\" data-element_type=\"container\" data-e-type=\"container\" data-settings=\"{&quot;animation&quot;:&quot;fadeIn&quot;}\">\n\t\t<div class=\"elementor-element elementor-element-1cf5d2d e-con-full e-flex e-con e-child\" data-id=\"1cf5d2d\" data-element_type=\"container\" data-e-type=\"container\">\n\t\t\t\t<div class=\"elementor-element elementor-element-41189a8 lead elementor-widget elementor-widget-heading\" data-id=\"41189a8\" data-element_type=\"widget\" data-e-type=\"widget\" data-widget_type=\"heading.default\">\n\t\t\t\t\t<h2 class=\"elementor-heading-title elementor-size-default\">Pinturas rupestres<\/h2>\t\t\t\t<\/div>\n\t\t\t\t<div class=\"elementor-element elementor-element-8edb2fa elementor-widget elementor-widget-text-editor\" data-id=\"8edb2fa\" data-element_type=\"widget\" data-e-type=\"widget\" data-widget_type=\"text-editor.default\">\n\t\t\t\t\t\t\t\t\t<p align=\"left\">Cap\u00e7anes conserva diversas muestras de pinturas rupestres de estilo levantino, declaradas Bien Cultural de Inter\u00e9s Nacional. Son representaciones figurativas realizadas hace miles de a\u00f1os, que testimonian la presencia humana en el valle durante el Neol\u00edtico. Se pueden visitar con gu\u00eda autorizado y con reserva previa, ya que se encuentran en espacios delicados y protegidos.  <\/p>\t\t\t\t\t\t\t\t<\/div>\n\t\t\t\t<div class=\"elementor-element elementor-element-6c04cee elementor-widget elementor-widget-text-editor\" data-id=\"6c04cee\" data-element_type=\"widget\" data-e-type=\"widget\" data-widget_type=\"text-editor.default\">\n\t\t\t\t\t\t\t\t\t<p><a href=\"https:\/\/capcanesturisme.com\/es\/contacto\/\">Ponte en contacto con el Ayuntamiento para organizar una visita guiada.<\/a><\/p>\t\t\t\t\t\t\t\t<\/div>\n\t\t\t\t<\/div>\n\t\t\t\t<\/div>\n\t\t<div class=\"elementor-element elementor-element-f7969f0 e-con-full e-flex e-con e-child\" data-id=\"f7969f0\" data-element_type=\"container\" data-e-type=\"container\">\n\t\t\t\t<div class=\"elementor-element elementor-element-2d109a4 elementor-invisible elementor-widget elementor-widget-image\" data-id=\"2d109a4\" data-element_type=\"widget\" data-e-type=\"widget\" data-settings=\"{&quot;_animation_delay&quot;:400,&quot;_animation&quot;:&quot;fadeInRight&quot;}\" data-widget_type=\"image.default\">\n\t\t\t\t\t\t\t\t\t\t\t\t\t\t\t<img fetchpriority=\"high\" decoding=\"async\" width=\"1024\" height=\"683\" src=\"https:\/\/capcanesturisme.com\/wp-content\/uploads\/2025\/12\/capcanes3-40336-1024x683.jpg\" class=\"attachment-large size-large wp-image-1881\" alt=\"\" srcset=\"https:\/\/capcanesturisme.com\/wp-content\/uploads\/2025\/12\/capcanes3-40336-1024x683.jpg 1024w, https:\/\/capcanesturisme.com\/wp-content\/uploads\/2025\/12\/capcanes3-40336-300x200.jpg 300w, https:\/\/capcanesturisme.com\/wp-content\/uploads\/2025\/12\/capcanes3-40336-768x512.jpg 768w, https:\/\/capcanesturisme.com\/wp-content\/uploads\/2025\/12\/capcanes3-40336-112x75.jpg 112w, https:\/\/capcanesturisme.com\/wp-content\/uploads\/2025\/12\/capcanes3-40336-480x320.jpg 480w, https:\/\/capcanesturisme.com\/wp-content\/uploads\/2025\/12\/capcanes3-40336.jpg 1117w\" sizes=\"(max-width:767px) 480px, (max-width:1024px) 100vw, 1024px\" \/>\t\t\t\t\t\t\t\t\t\t\t\t\t\t\t<\/div>\n\t\t\t\t<\/div>\n\t\t\t\t<\/div>\n\t\t<div class=\"elementor-element elementor-element-a14974c e-con-full e-flex e-con e-parent\" data-id=\"a14974c\" data-element_type=\"container\" data-e-type=\"container\">\n\t\t<div class=\"elementor-element elementor-element-6829b9e e-con-full e-flex e-con e-child\" data-id=\"6829b9e\" data-element_type=\"container\" data-e-type=\"container\">\n\t\t\t\t<div class=\"elementor-element elementor-element-d28f2c3 elementor-invisible elementor-widget elementor-widget-image\" data-id=\"d28f2c3\" data-element_type=\"widget\" data-e-type=\"widget\" data-settings=\"{&quot;_animation_delay&quot;:400,&quot;_animation&quot;:&quot;fadeInLeft&quot;}\" data-widget_type=\"image.default\">\n\t\t\t\t\t\t\t\t\t\t\t\t\t\t\t<img decoding=\"async\" width=\"1024\" height=\"668\" src=\"https:\/\/capcanesturisme.com\/wp-content\/uploads\/2025\/12\/01-156-1024x668.webp\" class=\"attachment-large size-large wp-image-1882\" alt=\"\" srcset=\"https:\/\/capcanesturisme.com\/wp-content\/uploads\/2025\/12\/01-156-1024x668.webp 1024w, https:\/\/capcanesturisme.com\/wp-content\/uploads\/2025\/12\/01-156-300x196.webp 300w, https:\/\/capcanesturisme.com\/wp-content\/uploads\/2025\/12\/01-156-768x501.webp 768w, https:\/\/capcanesturisme.com\/wp-content\/uploads\/2025\/12\/01-156-1536x1002.webp 1536w, https:\/\/capcanesturisme.com\/wp-content\/uploads\/2025\/12\/01-156-115x75.webp 115w, https:\/\/capcanesturisme.com\/wp-content\/uploads\/2025\/12\/01-156-480x313.webp 480w, https:\/\/capcanesturisme.com\/wp-content\/uploads\/2025\/12\/01-156.webp 1630w\" sizes=\"(max-width:767px) 480px, (max-width:1024px) 100vw, 1024px\" \/>\t\t\t\t\t\t\t\t\t\t\t\t\t\t\t<\/div>\n\t\t\t\t<\/div>\n\t\t<div class=\"elementor-element elementor-element-0272457 e-con-full e-flex elementor-invisible e-con e-child\" data-id=\"0272457\" data-element_type=\"container\" data-e-type=\"container\" data-settings=\"{&quot;animation&quot;:&quot;fadeIn&quot;}\">\n\t\t<div class=\"elementor-element elementor-element-28010ff e-con-full e-flex e-con e-child\" data-id=\"28010ff\" data-element_type=\"container\" data-e-type=\"container\">\n\t\t\t\t<div class=\"elementor-element elementor-element-f3cad1b lead elementor-widget elementor-widget-heading\" data-id=\"f3cad1b\" data-element_type=\"widget\" data-e-type=\"widget\" data-widget_type=\"heading.default\">\n\t\t\t\t\t<h2 class=\"elementor-heading-title elementor-size-default\">Casetas de piedra seca<\/h2>\t\t\t\t<\/div>\n\t\t\t\t<div class=\"elementor-element elementor-element-1dac4f8 elementor-widget elementor-widget-text-editor\" data-id=\"1dac4f8\" data-element_type=\"widget\" data-e-type=\"widget\" data-widget_type=\"text-editor.default\">\n\t\t\t\t\t\t\t\t\t<p>Por todo el t\u00e9rmino municipal, los m\u00e1rgenes y las construcciones de piedra seca configuran un paisaje cultural emblem\u00e1tico, fruto del trabajo artesanal de generaciones de campesinos. Las casetas de vuelta, las cisternas y los muros construidos sin ning\u00fan tipo de uni\u00f3n artificial son un claro ejemplo de arquitectura tradicional adaptada a las necesidades agr\u00edcolas y clim\u00e1ticas.<br> <\/p>\t\t\t\t\t\t\t\t<\/div>\n\t\t\t\t<div class=\"elementor-element elementor-element-140542b elementor-widget elementor-widget-text-editor\" data-id=\"140542b\" data-element_type=\"widget\" data-e-type=\"widget\" data-widget_type=\"text-editor.default\">\n\t\t\t\t\t\t\t\t\t<p><a href=\"https:\/\/www.serrallaberia.org\/ruta-de-la-pedra-seca-capcanes\">Consulta la ruta de la Piedra Seca<\/a><\/p>\t\t\t\t\t\t\t\t<\/div>\n\t\t\t\t<\/div>\n\t\t\t\t<\/div>\n\t\t\t\t<\/div>\n\t\t\t\t<\/div>\n\t\t","protected":false},"excerpt":{"rendered":"<p>Experiencias Patrimonio Cultural Huellas antiguas en un paisaje vivo En Cap\u00e7anes, el paisaje no solo se contempla; se interpreta. Entre vi\u00f1edos, barrancos y m\u00e1rgenes de piedra<span class=\"excerpt-hellip\"> [\u2026]<\/span><\/p>\n","protected":false},"author":1,"featured_media":0,"parent":1828,"menu_order":0,"comment_status":"closed","ping_status":"closed","template":"elementor_header_footer","meta":{"footnotes":""},"class_list":["post-1888","page","type-page","status-publish","hentry"],"_links":{"self":[{"href":"https:\/\/capcanesturisme.com\/es\/wp-json\/wp\/v2\/pages\/1888","targetHints":{"allow":["GET"]}}],"collection":[{"href":"https:\/\/capcanesturisme.com\/es\/wp-json\/wp\/v2\/pages"}],"about":[{"href":"https:\/\/capcanesturisme.com\/es\/wp-json\/wp\/v2\/types\/page"}],"author":[{"embeddable":true,"href":"https:\/\/capcanesturisme.com\/es\/wp-json\/wp\/v2\/users\/1"}],"replies":[{"embeddable":true,"href":"https:\/\/capcanesturisme.com\/es\/wp-json\/wp\/v2\/comments?post=1888"}],"version-history":[{"count":2,"href":"https:\/\/capcanesturisme.com\/es\/wp-json\/wp\/v2\/pages\/1888\/revisions"}],"predecessor-version":[{"id":2130,"href":"https:\/\/capcanesturisme.com\/es\/wp-json\/wp\/v2\/pages\/1888\/revisions\/2130"}],"up":[{"embeddable":true,"href":"https:\/\/capcanesturisme.com\/es\/wp-json\/wp\/v2\/pages\/1828"}],"wp:attachment":[{"href":"https:\/\/capcanesturisme.com\/es\/wp-json\/wp\/v2\/media?parent=1888"}],"curies":[{"name":"wp","href":"https:\/\/api.w.org\/{rel}","templated":true}]}}