{"id":1837,"date":"2025-11-26T17:16:09","date_gmt":"2025-11-26T17:16:09","guid":{"rendered":"https:\/\/capcanesturisme.com\/aviso-legal\/"},"modified":"2025-12-19T11:36:43","modified_gmt":"2025-12-19T11:36:43","slug":"aviso-legal","status":"publish","type":"page","link":"https:\/\/capcanesturisme.com\/es\/aviso-legal\/","title":{"rendered":"Aviso legal"},"content":{"rendered":"\t\t<div data-elementor-type=\"wp-page\" data-elementor-id=\"1837\" class=\"elementor elementor-1837 elementor-1226\">\n\t\t\t\t<div class=\"elementor-element elementor-element-c55fed8 e-flex e-con-boxed e-con e-parent\" data-id=\"c55fed8\" data-element_type=\"container\" data-e-type=\"container\">\n\t\t\t\t\t<div class=\"e-con-inner\">\n\t\t\t\t<div class=\"elementor-element elementor-element-70d2b10 elementor-widget-divider--view-line elementor-widget elementor-widget-divider\" data-id=\"70d2b10\" data-element_type=\"widget\" data-e-type=\"widget\" data-widget_type=\"divider.default\">\n\t\t\t\t\t\t\t<div class=\"elementor-divider\">\n\t\t\t<span class=\"elementor-divider-separator\">\n\t\t\t\t\t\t<\/span>\n\t\t<\/div>\n\t\t\t\t\t\t<\/div>\n\t\t\t\t\t<\/div>\n\t\t\t\t<\/div>\n\t\t<div class=\"elementor-element elementor-element-041b680 e-flex e-con-boxed e-con e-parent\" data-id=\"041b680\" data-element_type=\"container\" data-e-type=\"container\">\n\t\t\t\t\t<div class=\"e-con-inner\">\n\t\t\t\t<div class=\"elementor-element elementor-element-4348300 elementor-widget elementor-widget-heading\" data-id=\"4348300\" data-element_type=\"widget\" data-e-type=\"widget\" data-widget_type=\"heading.default\">\n\t\t\t\t\t<h2 class=\"elementor-heading-title elementor-size-default\">Aviso legal<\/h2>\t\t\t\t<\/div>\n\t\t\t\t\t<\/div>\n\t\t\t\t<\/div>\n\t\t<div class=\"elementor-element elementor-element-fb546d2 e-flex e-con-boxed e-con e-parent\" data-id=\"fb546d2\" data-element_type=\"container\" data-e-type=\"container\">\n\t\t\t\t\t<div class=\"e-con-inner\">\n\t\t\t\t<div class=\"elementor-element elementor-element-30abc78 elementor-widget elementor-widget-text-editor\" data-id=\"30abc78\" data-element_type=\"widget\" data-e-type=\"widget\" data-widget_type=\"text-editor.default\">\n\t\t\t\t\t\t\t\t\t<p>De acuerdo con la Ley 34\/2002, de 11 de julio, de Servicios de la Sociedad de la Informaci\u00f3n y de Comercio Electr\u00f3nico (LSSI-CE), la empresa le informa de que es la titular del sitio web. De conformidad con lo dispuesto en el art\u00edculo 10 de la citada ley, se facilita la siguiente informaci\u00f3n:<br>El titular de este sitio web es: <\/p>\t\t\t\t\t\t\t\t<\/div>\n\t\t<div class=\"elementor-element elementor-element-db119fa e-con-full e-flex e-con e-child\" data-id=\"db119fa\" data-element_type=\"container\" data-e-type=\"container\">\n\t\t\t\t<div class=\"elementor-element elementor-element-deea0d9 elementor-widget elementor-widget-text-editor\" data-id=\"deea0d9\" data-element_type=\"widget\" data-e-type=\"widget\" data-widget_type=\"text-editor.default\">\n\t\t\t\t\t\t\t\t\t<table class=\" alignleft\" width=\"780\" cellspacing=\"0\" cellpadding=\"20\"><tbody><tr><td width=\"208\"><p style=\"text-align: center;\"><span>Nombre<\/span><\/p><\/td><td style=\"text-align: center;\" bgcolor=\"#ffffff\" width=\"492\"><p><span><span style=\"font-size: medium;\">AJUNTAMENT DE CAP\u00c7ANES<\/span><\/span><\/p><\/td><\/tr><tr><td width=\"208\"><p><span>Direcci\u00f3n<\/span><\/p><\/td><td width=\"492\"><p><span>Pla\u00e7a de l\u2019Esgl\u00e8sia, 7<\/span><\/p><\/td><\/tr><tr><td width=\"208\"><p><span>C\u00f3digo Postal<\/span><\/p><\/td><td width=\"492\"><p><span>43776<\/span><\/p><\/td><\/tr><tr><td width=\"208\"><p><span>Localidad<\/span><\/p><\/td><td width=\"492\"><p><span>Cap\u00e7anes<\/span><\/p><\/td><\/tr><tr><td width=\"208\"><p><span>Provincia<\/span><\/p><\/td><td width=\"492\"><p><span>TARRAGONA<\/span><\/p><\/td><\/tr><\/tbody><\/table>\t\t\t\t\t\t\t\t<\/div>\n\t\t\t\t<div class=\"elementor-element elementor-element-2afc64b elementor-widget elementor-widget-text-editor\" data-id=\"2afc64b\" data-element_type=\"widget\" data-e-type=\"widget\" data-widget_type=\"text-editor.default\">\n\t\t\t\t\t\t\t\t\t<h4>Usuarios<\/h4>\t\t\t\t\t\t\t\t<\/div>\n\t\t\t\t<div class=\"elementor-element elementor-element-080d951 elementor-widget elementor-widget-text-editor\" data-id=\"080d951\" data-element_type=\"widget\" data-e-type=\"widget\" data-widget_type=\"text-editor.default\">\n\t\t\t\t\t\t\t\t\t<p>El acceso y\/o uso de este portal le otorga la condici\u00f3n de USUARIO e implica la aceptaci\u00f3n, desde el momento de dicho acceso y\/o uso, de las Condiciones Generales de Uso establecidas en el presente documento. Las citadas Condiciones se aplicar\u00e1n con independencia de cualesquiera Condiciones Generales de Contrataci\u00f3n que pudieran ser obligatorias. <\/p>\t\t\t\t\t\t\t\t<\/div>\n\t\t\t\t<div class=\"elementor-element elementor-element-31107fb elementor-widget elementor-widget-text-editor\" data-id=\"31107fb\" data-element_type=\"widget\" data-e-type=\"widget\" data-widget_type=\"text-editor.default\">\n\t\t\t\t\t\t\t\t\t<h4>Uso del portal<\/h4>\t\t\t\t\t\t\t\t<\/div>\n\t\t\t\t<div class=\"elementor-element elementor-element-9b8c6c7 elementor-widget elementor-widget-text-editor\" data-id=\"9b8c6c7\" data-element_type=\"widget\" data-e-type=\"widget\" data-widget_type=\"text-editor.default\">\n\t\t\t\t\t\t\t\t\t<p>El sitio web proporciona acceso a una multitud de informaciones, servicios, programas o datos (en adelante, \u00ablos contenidos\u00bb) en Internet pertenecientes al AJUNTAMENT DE CAP\u00c7ANES o a sus licenciantes, a los que el USUARIO puede tener acceso. El USUARIO asume la responsabilidad del uso del portal. Dicha responsabilidad se extiende a cualquier registro que fuera necesario para acceder a determinados servicios o contenidos.  <\/p><p> <\/p><p>Al registrarse, el USUARIO ser\u00e1 responsable de aportar informaci\u00f3n veraz y l\u00edcita. Como consecuencia de este registro, el USUARIO podr\u00e1 recibir una contrase\u00f1a de la que ser\u00e1 responsable, comprometi\u00e9ndose a hacer un uso diligente y confidencial de la misma. El USUARIO se compromete a hacer un uso adecuado de los contenidos y servicios que el AJUNTAMENT DE CAP\u00c7ANES ofrece a trav\u00e9s de su portal y, con car\u00e1cter meramente enunciativo pero no limitativo, a no utilizarlos para<br>1. Realizar actividades que sean il\u00edcitas, ilegales o contrarias a la buena fe y al orden p\u00fablico<br>2. Difundir contenidos o propaganda de car\u00e1cter racista, xen\u00f3fobo, pornogr\u00e1fico o ilegal, o que hagan apolog\u00eda del terrorismo o vulneren los derechos humanos<br>3. Provocar da\u00f1os en los sistemas f\u00edsicos y l\u00f3gicos del AJUNTAMENT DE CAP\u00c7ANES, de sus proveedores o de terceras personas, introduciendo o difundiendo virus inform\u00e1ticos o cualesquiera otros sistemas f\u00edsicos o l\u00f3gicos que sean susceptibles de provocar los da\u00f1os anteriormente mencionados<br>4. Intentar acceder y, en su caso, utilizar las cuentas de correo electr\u00f3nico de otros usuarios y modificar o manipular sus mensajes.<br>El AJUNTAMENT DE CAP\u00c7ANES se reserva el derecho de retirar todos aquellos comentarios y aportaciones que vulneren el respeto a la dignidad de la persona, que sean discriminatorios, xen\u00f3fobos, racistas, pornogr\u00e1ficos, que atenten contra la juventud o la infancia, el orden p\u00fablico o la seguridad o que, a su juicio, no resulten adecuados para su publicaci\u00f3n. En cualquier caso, el AJUNTAMENT DE CAP\u00c7ANES no ser\u00e1 responsable de las opiniones vertidas por los usuarios a trav\u00e9s de los foros, chats u otras herramientas de participaci\u00f3n.    <\/p>\t\t\t\t\t\t\t\t<\/div>\n\t\t\t\t<div class=\"elementor-element elementor-element-179f0e2 elementor-widget elementor-widget-text-editor\" data-id=\"179f0e2\" data-element_type=\"widget\" data-e-type=\"widget\" data-widget_type=\"text-editor.default\">\n\t\t\t\t\t\t\t\t\t<h4>Propiedad intelectual e industrial<br><\/h4>\t\t\t\t\t\t\t\t<\/div>\n\t\t\t\t<div class=\"elementor-element elementor-element-bae9d64 elementor-widget elementor-widget-text-editor\" data-id=\"bae9d64\" data-element_type=\"widget\" data-e-type=\"widget\" data-widget_type=\"text-editor.default\">\n\t\t\t\t\t\t\t\t\t<p>El AJUNTAMENT DE CAP\u00c7ANES ser\u00e1 el titular de todos los derechos de propiedad intelectual e industrial de su sitio web, as\u00ed como de los elementos contenidos en el mismo (incluyendo, entre otros, im\u00e1genes, sonido, audio, v\u00eddeo, software o textos; marcas o logotipos, combinaciones de colores, estructura y dise\u00f1o, selecci\u00f3n de materiales utilizados, programas inform\u00e1ticos necesarios para su funcionamiento, acceso y uso, etc.).<br>Todos los derechos reservados. De conformidad con lo dispuesto en los art\u00edculos 8 y 32.1, segundo p\u00e1rrafo, de la Ley de Propiedad Intelectual, quedan expresamente prohibidas la reproducci\u00f3n, distribuci\u00f3n y comunicaci\u00f3n p\u00fablica, incluida su puesta a disposici\u00f3n, de la totalidad o parte de los contenidos de este sitio web con fines comerciales, en cualquier soporte y por cualquier medio t\u00e9cnico, sin la autorizaci\u00f3n del AJUNTAMENT DE CAP\u00c7ANES. El USUARIO se compromete a respetar los derechos de propiedad intelectual e industrial titularidad del AJUNTAMENT DE CAP\u00c7ANES. Podr\u00e1 visualizar los elementos del portal e incluso imprimirlos, copiarlos y almacenarlos en el disco duro de su ordenador o en cualquier otro soporte f\u00edsico, siempre y cuando sea \u00fanica y exclusivamente para su uso personal y privado. El USUARIO deber\u00e1 abstenerse de suprimir, alterar, eludir o manipular cualquier dispositivo de protecci\u00f3n o sistema de seguridad instalado en las p\u00e1ginas del AJUNTAMENT DE CAP\u00c7ANES.    <\/p>\t\t\t\t\t\t\t\t<\/div>\n\t\t\t\t<div class=\"elementor-element elementor-element-7be5ac6 elementor-widget elementor-widget-text-editor\" data-id=\"7be5ac6\" data-element_type=\"widget\" data-e-type=\"widget\" data-widget_type=\"text-editor.default\">\n\t\t\t\t\t\t\t\t\t<h4>Exclusi\u00f3n de garant\u00edas y responsabilidad<br><\/h4>\t\t\t\t\t\t\t\t<\/div>\n\t\t\t\t<div class=\"elementor-element elementor-element-a12f6bf elementor-widget elementor-widget-text-editor\" data-id=\"a12f6bf\" data-element_type=\"widget\" data-e-type=\"widget\" data-widget_type=\"text-editor.default\">\n\t\t\t\t\t\t\t\t\t<p>El AJUNTAMENT DE CAP\u00c7ANES no ser\u00e1 responsable, en ning\u00fan caso, de los da\u00f1os de cualquier naturaleza que pudieran ocasionarse, incluyendo, a t\u00edtulo enunciativo pero no limitativo, errores u omisiones en los contenidos, falta de disponibilidad del portal o la transmisi\u00f3n de virus o programas maliciosos o da\u00f1inos en los contenidos, a pesar de haber adoptado todas las medidas tecnol\u00f3gicas necesarias para evitarlo.<br><\/p>\t\t\t\t\t\t\t\t<\/div>\n\t\t\t\t<div class=\"elementor-element elementor-element-71960f0 elementor-widget elementor-widget-text-editor\" data-id=\"71960f0\" data-element_type=\"widget\" data-e-type=\"widget\" data-widget_type=\"text-editor.default\">\n\t\t\t\t\t\t\t\t\t<h4>Modificaciones<\/h4>\t\t\t\t\t\t\t\t<\/div>\n\t\t\t\t<div class=\"elementor-element elementor-element-b9dfc6a elementor-widget elementor-widget-text-editor\" data-id=\"b9dfc6a\" data-element_type=\"widget\" data-e-type=\"widget\" data-widget_type=\"text-editor.default\">\n\t\t\t\t\t\t\t\t\t<p>El AJUNTAMENT DE CAP\u00c7ANES se reserva el derecho de efectuar, sin previo aviso, las modificaciones que considere oportunas en su sitio web, pudiendo cambiar, suprimir o a\u00f1adir tanto los contenidos como los servicios que se presten a trav\u00e9s del mismo, as\u00ed como la forma en que estos aparezcan presentados o localizados en el sitio web.<br><\/p>\t\t\t\t\t\t\t\t<\/div>\n\t\t\t\t<div class=\"elementor-element elementor-element-68fe3f9 elementor-widget elementor-widget-text-editor\" data-id=\"68fe3f9\" data-element_type=\"widget\" data-e-type=\"widget\" data-widget_type=\"text-editor.default\">\n\t\t\t\t\t\t\t\t\t<h4>Enlaces<\/h4>\t\t\t\t\t\t\t\t<\/div>\n\t\t\t\t<div class=\"elementor-element elementor-element-62d6792 elementor-widget elementor-widget-text-editor\" data-id=\"62d6792\" data-element_type=\"widget\" data-e-type=\"widget\" data-widget_type=\"text-editor.default\">\n\t\t\t\t\t\t\t\t\t<p>En el caso de que el sitio web contenga enlaces o hiperenlaces a otros sitios de Internet, el AJUNTAMENT DE CAP\u00c7ANES no ejercer\u00e1 ning\u00fan tipo de control sobre dichos sitios y contenidos. En ning\u00fan caso el AJUNTAMENT DE CAP\u00c7ANES asumir\u00e1 responsabilidad alguna por los contenidos de ning\u00fan enlace perteneciente a un sitio web de terceros, ni garantizar\u00e1 la disponibilidad t\u00e9cnica, la calidad, la fiabilidad, la exactitud, la amplitud, la veracidad, la validez y la constitucionalidad de cualquier material o informaci\u00f3n contenida en ninguno de dichos hiperenlaces u otros sitios web. Del mismo modo, la inclusi\u00f3n de estas conexiones externas no implicar\u00e1 ning\u00fan tipo de asociaci\u00f3n, fusi\u00f3n o participaci\u00f3n con las entidades conectadas.<br> <\/p>\t\t\t\t\t\t\t\t<\/div>\n\t\t\t\t<div class=\"elementor-element elementor-element-3509a3b elementor-widget elementor-widget-text-editor\" data-id=\"3509a3b\" data-element_type=\"widget\" data-e-type=\"widget\" data-widget_type=\"text-editor.default\">\n\t\t\t\t\t\t\t\t\t<h4>Derecho de exclusi\u00f3n<br><\/h4>\t\t\t\t\t\t\t\t<\/div>\n\t\t\t\t<div class=\"elementor-element elementor-element-60a8d50 elementor-widget elementor-widget-text-editor\" data-id=\"60a8d50\" data-element_type=\"widget\" data-e-type=\"widget\" data-widget_type=\"text-editor.default\">\n\t\t\t\t\t\t\t\t\t<p>El AJUNTAMENT DE CAP\u00c7ANES se reserva el derecho de denegar o retirar el acceso al portal y\/o a los servicios ofrecidos sin previo aviso, a instancia propia o de terceros, a aquellos usuarios que incumplan las presentes Condiciones Generales de Uso.<\/p>\t\t\t\t\t\t\t\t<\/div>\n\t\t\t\t<\/div>\n\t\t\t\t<div class=\"elementor-element elementor-element-c4bd5d4 elementor-widget elementor-widget-text-editor\" data-id=\"c4bd5d4\" data-element_type=\"widget\" data-e-type=\"widget\" data-widget_type=\"text-editor.default\">\n\t\t\t\t\t\t\t\t\t<h4>Generalidades<\/h4>\t\t\t\t\t\t\t\t<\/div>\n\t\t\t\t<div class=\"elementor-element elementor-element-54c1f75 elementor-widget elementor-widget-text-editor\" data-id=\"54c1f75\" data-element_type=\"widget\" data-e-type=\"widget\" data-widget_type=\"text-editor.default\">\n\t\t\t\t\t\t\t\t\t<p>El AJUNTAMENT DE CAP\u00c7ANES perseguir\u00e1 cualquier incumplimiento de estas condiciones, as\u00ed como cualquier uso indebido de su portal, ejerciendo todas las acciones civiles y penales que le puedan corresponder en virtud de la ley.<\/p>\t\t\t\t\t\t\t\t<\/div>\n\t\t\t\t<div class=\"elementor-element elementor-element-73b7f8e elementor-widget elementor-widget-text-editor\" data-id=\"73b7f8e\" data-element_type=\"widget\" data-e-type=\"widget\" data-widget_type=\"text-editor.default\">\n\t\t\t\t\t\t\t\t\t<h4>Modificaci\u00f3n de las presentes condiciones y duraci\u00f3n<br><\/h4>\t\t\t\t\t\t\t\t<\/div>\n\t\t\t\t<div class=\"elementor-element elementor-element-cae815f elementor-widget elementor-widget-text-editor\" data-id=\"cae815f\" data-element_type=\"widget\" data-e-type=\"widget\" data-widget_type=\"text-editor.default\">\n\t\t\t\t\t\t\t\t\t<p>El AJUNTAMENT DE CAP\u00c7ANES podr\u00e1 modificar las condiciones aqu\u00ed determinadas en cualquier momento, public\u00e1ndolas debidamente tal y como aparecen aqu\u00ed expuestas. La vigencia de las citadas condiciones depender\u00e1 de su exposici\u00f3n y permanecer\u00e1n en vigor hasta que sean modificadas por otras debidamente publicadas.<\/p>\t\t\t\t\t\t\t\t<\/div>\n\t\t\t\t<div class=\"elementor-element elementor-element-76d48bd elementor-widget elementor-widget-text-editor\" data-id=\"76d48bd\" data-element_type=\"widget\" data-e-type=\"widget\" data-widget_type=\"text-editor.default\">\n\t\t\t\t\t\t\t\t\t<h4>Legislaci\u00f3n aplicable y jurisdicci\u00f3n<\/h4>\t\t\t\t\t\t\t\t<\/div>\n\t\t\t\t<div class=\"elementor-element elementor-element-f63f540 elementor-widget elementor-widget-text-editor\" data-id=\"f63f540\" data-element_type=\"widget\" data-e-type=\"widget\" data-widget_type=\"text-editor.default\">\n\t\t\t\t\t\t\t\t\t<p>La relaci\u00f3n entre el AJUNTAMENT DE CAP\u00c7ANES y el USUARIO se regir\u00e1 por la legislaci\u00f3n espa\u00f1ola vigente, y cualquier controversia se someter\u00e1 a los Juzgados y Tribunales de la poblaci\u00f3n mencionada.<br> <br> <br><\/p>\t\t\t\t\t\t\t\t<\/div>\n\t\t\t\t\t<\/div>\n\t\t\t\t<\/div>\n\t\t<div class=\"elementor-element elementor-element-07a4dee e-flex e-con-boxed e-con e-parent\" data-id=\"07a4dee\" data-element_type=\"container\" data-e-type=\"container\">\n\t\t\t\t\t<div class=\"e-con-inner\">\n\t\t\t\t<div class=\"elementor-element elementor-element-a6abff4 elementor-widget-divider--view-line elementor-widget elementor-widget-divider\" data-id=\"a6abff4\" data-element_type=\"widget\" data-e-type=\"widget\" data-widget_type=\"divider.default\">\n\t\t\t\t\t\t\t<div class=\"elementor-divider\">\n\t\t\t<span class=\"elementor-divider-separator\">\n\t\t\t\t\t\t<\/span>\n\t\t<\/div>\n\t\t\t\t\t\t<\/div>\n\t\t\t\t\t<\/div>\n\t\t\t\t<\/div>\n\t\t\t\t<\/div>\n\t\t","protected":false},"excerpt":{"rendered":"<p>Aviso legal De acuerdo con la Ley 34\/2002, de 11 de julio, de Servicios de la Sociedad de la Informaci\u00f3n y de Comercio Electr\u00f3nico (LSSI-CE), la<span class=\"excerpt-hellip\"> [\u2026]<\/span><\/p>\n","protected":false},"author":1,"featured_media":0,"parent":0,"menu_order":0,"comment_status":"closed","ping_status":"closed","template":"","meta":{"footnotes":""},"class_list":["post-1837","page","type-page","status-publish","hentry"],"_links":{"self":[{"href":"https:\/\/capcanesturisme.com\/es\/wp-json\/wp\/v2\/pages\/1837","targetHints":{"allow":["GET"]}}],"collection":[{"href":"https:\/\/capcanesturisme.com\/es\/wp-json\/wp\/v2\/pages"}],"about":[{"href":"https:\/\/capcanesturisme.com\/es\/wp-json\/wp\/v2\/types\/page"}],"author":[{"embeddable":true,"href":"https:\/\/capcanesturisme.com\/es\/wp-json\/wp\/v2\/users\/1"}],"replies":[{"embeddable":true,"href":"https:\/\/capcanesturisme.com\/es\/wp-json\/wp\/v2\/comments?post=1837"}],"version-history":[{"count":1,"href":"https:\/\/capcanesturisme.com\/es\/wp-json\/wp\/v2\/pages\/1837\/revisions"}],"predecessor-version":[{"id":1839,"href":"https:\/\/capcanesturisme.com\/es\/wp-json\/wp\/v2\/pages\/1837\/revisions\/1839"}],"wp:attachment":[{"href":"https:\/\/capcanesturisme.com\/es\/wp-json\/wp\/v2\/media?parent=1837"}],"curies":[{"name":"wp","href":"https:\/\/api.w.org\/{rel}","templated":true}]}}