{"id":1828,"date":"2025-10-15T19:08:27","date_gmt":"2025-10-15T19:08:27","guid":{"rendered":"https:\/\/capcanesturisme.com\/experiencias\/"},"modified":"2026-04-16T22:57:16","modified_gmt":"2026-04-16T22:57:16","slug":"experiencias","status":"publish","type":"page","link":"https:\/\/capcanesturisme.com\/es\/experiencias\/","title":{"rendered":"Experiencias<br>"},"content":{"rendered":"\t\t<div data-elementor-type=\"wp-page\" data-elementor-id=\"1828\" class=\"elementor elementor-1828 elementor-98\">\n\t\t\t\t<div class=\"elementor-element elementor-element-ccb959f e-con-full e-flex e-con e-parent\" data-id=\"ccb959f\" data-element_type=\"container\" data-e-type=\"container\" data-settings=\"{&quot;background_background&quot;:&quot;classic&quot;}\">\n\t\t<div class=\"elementor-element elementor-element-4c6987c e-flex e-con-boxed e-con e-child\" data-id=\"4c6987c\" data-element_type=\"container\" data-e-type=\"container\">\n\t\t\t\t\t<div class=\"e-con-inner\">\n\t\t<div class=\"elementor-element elementor-element-672d85c e-con-full e-flex e-con e-child\" data-id=\"672d85c\" data-element_type=\"container\" data-e-type=\"container\">\n\t\t\t\t<div class=\"elementor-element elementor-element-1176467 elementor-invisible elementor-widget elementor-widget-heading\" data-id=\"1176467\" data-element_type=\"widget\" data-e-type=\"widget\" data-settings=\"{&quot;_animation&quot;:&quot;fadeIn&quot;,&quot;_animation_delay&quot;:100}\" data-widget_type=\"heading.default\">\n\t\t\t\t\t<h5 class=\"elementor-heading-title elementor-size-default\">Experiencias<br><\/h5>\t\t\t\t<\/div>\n\t\t\t\t<div class=\"elementor-element elementor-element-3e7bde9 lead elementor-invisible elementor-widget elementor-widget-text-editor\" data-id=\"3e7bde9\" data-element_type=\"widget\" data-e-type=\"widget\" data-settings=\"{&quot;_animation&quot;:&quot;fadeIn&quot;,&quot;_animation_delay&quot;:200}\" data-widget_type=\"text-editor.default\">\n\t\t\t\t\t\t\t\t\t<p align=\"left\">Vive Cap\u00e7anes con los cinco sentidos<br><\/p>\t\t\t\t\t\t\t\t<\/div>\n\t\t\t\t<\/div>\n\t\t\t\t\t<\/div>\n\t\t\t\t<\/div>\n\t\t\t\t<\/div>\n\t\t<div class=\"elementor-element elementor-element-f604037 e-con-full e-flex e-con e-parent\" data-id=\"f604037\" data-element_type=\"container\" data-e-type=\"container\" data-settings=\"{&quot;background_background&quot;:&quot;classic&quot;}\">\n\t\t<div class=\"elementor-element elementor-element-c250ce0 e-con-full animated-slow e-flex elementor-invisible e-con e-child\" data-id=\"c250ce0\" data-element_type=\"container\" data-e-type=\"container\" data-settings=\"{&quot;animation&quot;:&quot;fadeIn&quot;}\">\n\t\t\t\t<div class=\"elementor-element elementor-element-7e9f87e elementor-invisible elementor-widget elementor-widget-text-editor\" data-id=\"7e9f87e\" data-element_type=\"widget\" data-e-type=\"widget\" data-settings=\"{&quot;_animation&quot;:&quot;fadeIn&quot;}\" data-widget_type=\"text-editor.default\">\n\t\t\t\t\t\t\t\t\t<p align=\"left\">Naturaleza, historia y vino con car\u00e1cter te esperan entre vi\u00f1edos, m\u00e1rgenes de piedra seca y paisajes que enamoran.<br> Descubre un pueblo acogedor, lleno de experiencias para recordar.<br><\/p>\t\t\t\t\t\t\t\t<\/div>\n\t\t\t\t<\/div>\n\t\t\t\t<\/div>\n\t\t<div class=\"elementor-element elementor-element-9c5176c e-con-full e-flex e-con e-parent\" data-id=\"9c5176c\" data-element_type=\"container\" data-e-type=\"container\" data-settings=\"{&quot;background_background&quot;:&quot;classic&quot;}\">\n\t\t\t\t<div class=\"elementor-element elementor-element-9b50ff0 lead elementor-invisible elementor-widget elementor-widget-ucaddon_card_carousel\" data-id=\"9b50ff0\" data-element_type=\"widget\" data-e-type=\"widget\" data-settings=\"{&quot;_animation_delay&quot;:200,&quot;_animation&quot;:&quot;slideInRight&quot;}\" data-widget_type=\"ucaddon_card_carousel.default\">\n\t\t\t\t<div class=\"elementor-widget-container\">\n\t\t\t\t\t\n<!-- start Card Carousel -->\n\t\t<link id='font-awesome-css' href='https:\/\/capcanesturisme.com\/wp-content\/plugins\/unlimited-elements-for-elementor\/assets_libraries\/font-awesome6\/fontawesome-all.min.css' type='text\/css' rel='stylesheet' >\n\t\t<link id='font-awesome-4-shim-css' href='https:\/\/capcanesturisme.com\/wp-content\/plugins\/unlimited-elements-for-elementor\/assets_libraries\/font-awesome6\/fontawesome-v4-shims.min.css' type='text\/css' rel='stylesheet' >\n\t\t<link id='owl-carousel-css' href='https:\/\/capcanesturisme.com\/wp-content\/plugins\/unlimited-elements-for-elementor\/assets_libraries\/owl-carousel-new\/assets\/owl.carousel.css' type='text\/css' rel='stylesheet' >\n\t\t<link id='uc_ac_assets_file_animate_css_77907-css' href='https:\/\/capcanesturisme.com\/wp-content\/uploads\/ac_assets\/uc_classic_carousel\/animate.css' type='text\/css' rel='stylesheet' >\n\n<style>\/* widget: Card Carousel *\/\n\n#uc_card_carousel_elementor_9b50ff0-wrapper{\n  min-height:1px;\n}\n\n#uc_card_carousel_elementor_9b50ff0 *{\n\t-webkit-box-sizing: border-box;\n\t-moz-box-sizing: border-box;\n\tbox-sizing: border-box;\n}\n\n#uc_card_carousel_elementor_9b50ff0 .ue-carousel-item{\n  overflow:hidden;\n  transition:0.3s;\n}\n\n#uc_card_carousel_elementor_9b50ff0 .uc_classic_carousel_container_holder{\n\tdisplay:block;\n\tposition:relative;\n\twidth:100%;\n    box-sizing: border-box;\n}\n#uc_card_carousel_elementor_9b50ff0 .uc_classic_carousel_placeholder{\n   position:relative;\n}\n\n\n#uc_card_carousel_elementor_9b50ff0 .uc_classic_carousel_placeholder img, #uc_card_carousel_elementor_9b50ff0 .ue_card_carousel_image_overlay{\n  transition: all 300ms;\n}\n\n.card_carousel_title{\n\tfont-size:21px;\n}\n\n.uc_classic_carousel .uc_classic_carousel_border{\n\tdisplay:block;\n    margin:0 auto;\n}\n\n.uc_classic_carousel  .uc_classic_carousel_placeholder img{\n\twidth:100%;    \n    display:block;\n}\n\n.uc_classic_carousel .uc_classic_carousel_content{\n  display: flex;\n  flex-flow: column nowrap;\n}\n\n.uc_classic_carousel .ue_button{\n  margin-top:auto;\n}\n\n.uc_classic_carousel .uc_classic_carousel_content .uc_more_btn {\n\tdisplay:inline-block;\n\ttext-decoration:none;\n\ttransition: all 0.5s ease;\n}\n\n#uc_card_carousel_elementor_9b50ff0 .owl-dots {\n  overflow:hidden;\n  text-align:center;\n}\n\n#uc_card_carousel_elementor_9b50ff0 .owl-dot {\n  border-radius:50%;\n  display:inline-block;\n}\n\n#uc_card_carousel_elementor_9b50ff0 .owl-nav .owl-prev,\n#uc_card_carousel_elementor_9b50ff0 .owl-nav .owl-next{\n    position:absolute;\n    display:flex;\n  \tjustify-content: center;\n  \talign-items: center;\n    text-align:center;\n}\n\n#uc_card_carousel_elementor_9b50ff0 .owl-nav .disabled{\n    display: none;  \n}\n\n\n#uc_card_carousel_elementor_9b50ff0 .ue-item-icon{\n  line-height:1em;\n  display:inline-flex;\n  justify-content:center;\n  align-items:center;  \n}\n\n#uc_card_carousel_elementor_9b50ff0 .ue-item-icon svg{\n  height:1em;\n  width:1em;\n}\n\n#uc_card_carousel_elementor_9b50ff0 .ue-item-icon-wrapper{\n  display:flex;\n}\n\n#uc_card_carousel_elementor_9b50ff0 .uc_classic_carousel_container_holder {\n\t max-width: ;\n}\n\n\n\n@media screen and (max-width: 1024px) {\n  #uc_card_carousel_elementor_9b50ff0 .uc_classic_carousel_container_holder {\n\t max-width: ;\n  }\n}\n\n@media screen and (max-width: 767px) {\n  #uc_card_carousel_elementor_9b50ff0 .uc_classic_carousel_container_holder {\n    max-width: ;\n  }\n}\n\n<\/style>\n\n<div class=\"uc_classic_carousel\" id=\"uc_card_carousel_elementor_9b50ff0-wrapper\">\n  <div class=\"uc_carousel owl-carousel uc-items-wrapper  \" id=\"uc_card_carousel_elementor_9b50ff0\"  >\n    \n\n\n<div id=\"uc_card_carousel_elementor_9b50ff0_item1\" class=\"uc_classic_carousel_container_holder ue-item elementor-repeater-item-02d0707\" data-hide-item=\"false\">  \n  <div class=\"ue-carousel-item\">\n    \n        \n    \n          <div class=\"uc_classic_carousel_placeholder\">\n        <a href=\"https:\/\/capcanesturisme.com\/es\/experiencias\/enoturismo\/\" title=\"Show More\" >          <img fetchpriority=\"high\" decoding=\"async\" src=\"https:\/\/capcanesturisme.com\/wp-content\/uploads\/2025\/12\/DSC_9865-scaled.webp\"  src=\"https:\/\/capcanesturisme.com\/wp-content\/uploads\/2025\/12\/DSC_9865-scaled.webp\" alt=\"DSC_9865\" width=\"2560\" height=\"1705\">\n        <\/a>              <\/div>\n    \n    <div class=\"uc_classic_carousel_content\" style=\"direction:ltr;\">    \n\n      \n          <a href=\"https:\/\/capcanesturisme.com\/es\/experiencias\/enoturismo\/\" ><div  class=\"card_carousel_title\">Enoturismo<\/div><\/a>\n              \t\n\n      \t\n      \n    <\/div>\n    \n  <\/div>\n<\/div>\n\n\n\n<div id=\"uc_card_carousel_elementor_9b50ff0_item2\" class=\"uc_classic_carousel_container_holder ue-item elementor-repeater-item-85794c6\" data-hide-item=\"false\">  \n  <div class=\"ue-carousel-item\">\n    \n        \n    \n          <div class=\"uc_classic_carousel_placeholder\">\n        <a href=\"https:\/\/capcanesturisme.com\/es\/experiencias\/senderismo\/\" title=\"Show More\" >          <img decoding=\"async\" src=\"https:\/\/capcanesturisme.com\/wp-content\/uploads\/2025\/12\/Rutes-a-peu-1-e1765458352384.jpeg\"  src=\"https:\/\/capcanesturisme.com\/wp-content\/uploads\/2025\/12\/Rutes-a-peu-1-e1765458352384.jpeg\" alt=\"senderisme\" width=\"726\" height=\"600\">\n        <\/a>              <\/div>\n    \n    <div class=\"uc_classic_carousel_content\" style=\"direction:ltr;\">    \n\n      \n          <a href=\"https:\/\/capcanesturisme.com\/es\/experiencias\/senderismo\/\" ><div  class=\"card_carousel_title\">Senderismo<\/div><\/a>\n              \t\n\n      \t\n      \n    <\/div>\n    \n  <\/div>\n<\/div>\n\n\n\n<div id=\"uc_card_carousel_elementor_9b50ff0_item3\" class=\"uc_classic_carousel_container_holder ue-item elementor-repeater-item-f62d9d1\" data-hide-item=\"false\">  \n  <div class=\"ue-carousel-item\">\n    \n        \n    \n          <div class=\"uc_classic_carousel_placeholder\">\n        <a href=\"https:\/\/capcanesturisme.com\/es\/experiencias\/escalada-y-btt\/\" title=\"Show More\" >          <img decoding=\"async\" src=\"https:\/\/capcanesturisme.com\/wp-content\/uploads\/2025\/12\/Bici.jpg\"  src=\"https:\/\/capcanesturisme.com\/wp-content\/uploads\/2025\/12\/Bici.jpg\" alt=\"Bici\" width=\"1440\" height=\"995\">\n        <\/a>              <\/div>\n    \n    <div class=\"uc_classic_carousel_content\" style=\"direction:ltr;\">    \n\n      \n          <a href=\"https:\/\/capcanesturisme.com\/es\/experiencias\/escalada-y-btt\/\" ><div  class=\"card_carousel_title\">Escalada y BTT<\/div><\/a>\n              \t\n\n      \t\n      \n    <\/div>\n    \n  <\/div>\n<\/div>\n\n\n\n<div id=\"uc_card_carousel_elementor_9b50ff0_item4\" class=\"uc_classic_carousel_container_holder ue-item elementor-repeater-item-adfaeca\" data-hide-item=\"false\">  \n  <div class=\"ue-carousel-item\">\n    \n        \n    \n          <div class=\"uc_classic_carousel_placeholder\">\n        <a href=\"https:\/\/capcanesturisme.com\/es\/experiencias\/patrimonio-cultural\/\" title=\"Show More\" >          <img loading=\"lazy\" decoding=\"async\" src=\"https:\/\/capcanesturisme.com\/wp-content\/uploads\/2025\/12\/01-156.webp\"  src=\"https:\/\/capcanesturisme.com\/wp-content\/uploads\/2025\/12\/01-156.webp\" alt=\"01-156\" width=\"1630\" height=\"1063\">\n        <\/a>              <\/div>\n    \n    <div class=\"uc_classic_carousel_content\" style=\"direction:ltr;\">    \n\n      \n          <a href=\"https:\/\/capcanesturisme.com\/es\/experiencias\/patrimonio-cultural\/\" ><div  class=\"card_carousel_title\">Patrimonio cultural<\/div><\/a>\n              \t\n\n      \t\n      \n    <\/div>\n    \n  <\/div>\n<\/div>\n\n\n\n<div id=\"uc_card_carousel_elementor_9b50ff0_item5\" class=\"uc_classic_carousel_container_holder ue-item elementor-repeater-item-268e78c\" data-hide-item=\"false\">  \n  <div class=\"ue-carousel-item\">\n    \n        \n    \n          <div class=\"uc_classic_carousel_placeholder\">\n        <a href=\"https:\/\/capcanesturisme.com\/es\/experiencias\/visita-guiada\/\" title=\"Show More\" >          <img loading=\"lazy\" decoding=\"async\" src=\"https:\/\/capcanesturisme.com\/wp-content\/uploads\/2025\/12\/16-Pintures-Rupestres-IMG_9802.webp\"  src=\"https:\/\/capcanesturisme.com\/wp-content\/uploads\/2025\/12\/16-Pintures-Rupestres-IMG_9802.webp\" alt=\"16 Pintures Rupestres IMG_9802\" width=\"1334\" height=\"1667\">\n        <\/a>              <\/div>\n    \n    <div class=\"uc_classic_carousel_content\" style=\"direction:ltr;\">    \n\n      \n          <a href=\"https:\/\/capcanesturisme.com\/es\/experiencias\/visita-guiada\/\" ><div  class=\"card_carousel_title\">Visita guiada<\/div><\/a>\n              \t\n\n      \t\n      \n    <\/div>\n    \n  <\/div>\n<\/div>\n\n  <\/div>\n<\/div>\n<!-- end Card Carousel -->\t\t\t\t<\/div>\n\t\t\t\t<\/div>\n\t\t\t\t<\/div>\n\t\t<div class=\"elementor-element elementor-element-8f016c3 e-con-full e-flex e-con e-parent\" data-id=\"8f016c3\" data-element_type=\"container\" data-e-type=\"container\" data-settings=\"{&quot;background_background&quot;:&quot;classic&quot;}\">\n\t\t<div class=\"elementor-element elementor-element-533e798 e-con-full e-flex elementor-invisible e-con e-child\" data-id=\"533e798\" data-element_type=\"container\" data-e-type=\"container\" data-settings=\"{&quot;background_background&quot;:&quot;classic&quot;,&quot;animation&quot;:&quot;fadeInLeft&quot;}\">\n\t\t<div class=\"elementor-element elementor-element-591dfd1 e-con-full e-flex e-con e-child\" data-id=\"591dfd1\" data-element_type=\"container\" data-e-type=\"container\">\n\t\t\t\t<div class=\"elementor-element elementor-element-2902a02 lead elementor-widget elementor-widget-heading\" data-id=\"2902a02\" data-element_type=\"widget\" data-e-type=\"widget\" data-widget_type=\"heading.default\">\n\t\t\t\t\t<h3 class=\"elementor-heading-title elementor-size-default\"><a href=\"https:\/\/capcanesturisme.com\/es\/experiencias\/visita-guiada\/\">Visitas guiadas<\/a><\/h3>\t\t\t\t<\/div>\n\t\t\t\t<\/div>\n\t\t\t\t<\/div>\n\t\t<div class=\"elementor-element elementor-element-5cb8f42 e-con-full e-flex elementor-invisible e-con e-child\" data-id=\"5cb8f42\" data-element_type=\"container\" data-e-type=\"container\" data-settings=\"{&quot;animation&quot;:&quot;fadeInRight&quot;}\">\n\t\t<div class=\"elementor-element elementor-element-85609c4 e-con-full e-flex e-con e-child\" data-id=\"85609c4\" data-element_type=\"container\" data-e-type=\"container\">\n\t\t\t\t<div class=\"elementor-element elementor-element-cea7722 lead elementor-widget elementor-widget-text-editor\" data-id=\"cea7722\" data-element_type=\"widget\" data-e-type=\"widget\" data-widget_type=\"text-editor.default\">\n\t\t\t\t\t\t\t\t\t<p style=\"text-align: center;\" align=\"left\">Organizamos tu estancia para que <strong>solo tengas que preocuparte de disfrutar.<\/strong><\/p>\t\t\t\t\t\t\t\t<\/div>\n\t\t\t\t<div class=\"elementor-element elementor-element-58f13a2 elementor-widget elementor-widget-image\" data-id=\"58f13a2\" data-element_type=\"widget\" data-e-type=\"widget\" data-widget_type=\"image.default\">\n\t\t\t\t\t\t\t\t\t\t\t\t\t\t\t\t<a href=\"https:\/\/capcanesturisme.com\/es\/experiencias\/visita-guiada\/\">\n\t\t\t\t\t\t\t<img loading=\"lazy\" decoding=\"async\" width=\"1024\" height=\"855\" src=\"https:\/\/capcanesturisme.com\/wp-content\/uploads\/2025\/11\/17-1024x855.png\" class=\"attachment-large size-large wp-image-1817\" alt=\"\" srcset=\"https:\/\/capcanesturisme.com\/wp-content\/uploads\/2025\/11\/17-1024x855.png 1024w, https:\/\/capcanesturisme.com\/wp-content\/uploads\/2025\/11\/17-300x250.png 300w, https:\/\/capcanesturisme.com\/wp-content\/uploads\/2025\/11\/17-768x641.png 768w, https:\/\/capcanesturisme.com\/wp-content\/uploads\/2025\/11\/17-90x75.png 90w, https:\/\/capcanesturisme.com\/wp-content\/uploads\/2025\/11\/17-480x401.png 480w, https:\/\/capcanesturisme.com\/wp-content\/uploads\/2025\/11\/17.png 1471w\" sizes=\"(max-width:767px) 480px, (max-width:1024px) 100vw, 1024px\" \/>\t\t\t\t\t\t\t\t<\/a>\n\t\t\t\t\t\t\t\t\t\t\t\t\t\t\t<\/div>\n\t\t\t\t<div class=\"elementor-element elementor-element-96cdee0 lead elementor-widget elementor-widget-text-editor\" data-id=\"96cdee0\" data-element_type=\"widget\" data-e-type=\"widget\" data-widget_type=\"text-editor.default\">\n\t\t\t\t\t\t\t\t\t<p style=\"text-align: center;\" align=\"left\">Ya sea un d\u00eda o un fin de semana, <b>nos adaptamos a tus intereses, tiempo y ritmo.<\/b><\/p>\t\t\t\t\t\t\t\t<\/div>\n\t\t\t\t<\/div>\n\t\t\t\t<\/div>\n\t\t\t\t<\/div>\n\t\t<div class=\"elementor-element elementor-element-06ba1e6 e-con-full e-flex e-con e-parent\" data-id=\"06ba1e6\" data-element_type=\"container\" data-e-type=\"container\" data-settings=\"{&quot;background_background&quot;:&quot;classic&quot;}\">\n\t\t<div class=\"elementor-element elementor-element-8fea06e e-con-full e-flex e-con e-child\" data-id=\"8fea06e\" data-element_type=\"container\" data-e-type=\"container\">\n\t\t\t\t<div class=\"elementor-element elementor-element-31c6557 elementor-invisible elementor-widget elementor-widget-text-editor\" data-id=\"31c6557\" data-element_type=\"widget\" data-e-type=\"widget\" data-settings=\"{&quot;_animation&quot;:&quot;fadeIn&quot;}\" data-widget_type=\"text-editor.default\">\n\t\t\t\t\t\t\t\t\t<p align=\"left\">No te pierdas las mejores rutas del Priorat.<br><\/p>\t\t\t\t\t\t\t\t<\/div>\n\t\t\t\t<\/div>\n\t\t\t\t<\/div>\n\t\t<div class=\"elementor-element elementor-element-a3376b7 e-con-full e-flex e-con e-parent\" data-id=\"a3376b7\" data-element_type=\"container\" data-e-type=\"container\" data-settings=\"{&quot;background_background&quot;:&quot;classic&quot;}\">\n\t\t\t\t<div class=\"elementor-element elementor-element-f880f4d carrusel-horiz lead elementor-invisible elementor-widget elementor-widget-ucaddon_card_carousel\" data-id=\"f880f4d\" data-element_type=\"widget\" data-e-type=\"widget\" data-settings=\"{&quot;_animation&quot;:&quot;fadeInLeft&quot;}\" data-widget_type=\"ucaddon_card_carousel.default\">\n\t\t\t\t<div class=\"elementor-widget-container\">\n\t\t\t\t\t\n<!-- start Card Carousel -->\n\n<style>\/* widget: Card Carousel *\/\n\n#uc_card_carousel_elementor_f880f4d-wrapper{\n  min-height:1px;\n}\n\n#uc_card_carousel_elementor_f880f4d *{\n\t-webkit-box-sizing: border-box;\n\t-moz-box-sizing: border-box;\n\tbox-sizing: border-box;\n}\n\n#uc_card_carousel_elementor_f880f4d .ue-carousel-item{\n  overflow:hidden;\n  transition:0.3s;\n}\n\n#uc_card_carousel_elementor_f880f4d .uc_classic_carousel_container_holder{\n\tdisplay:block;\n\tposition:relative;\n\twidth:100%;\n    box-sizing: border-box;\n}\n#uc_card_carousel_elementor_f880f4d .uc_classic_carousel_placeholder{\n   position:relative;\n}\n\n\n#uc_card_carousel_elementor_f880f4d .uc_classic_carousel_placeholder img, #uc_card_carousel_elementor_f880f4d .ue_card_carousel_image_overlay{\n  transition: all 300ms;\n}\n\n.card_carousel_title{\n\tfont-size:21px;\n}\n\n.uc_classic_carousel .uc_classic_carousel_border{\n\tdisplay:block;\n    margin:0 auto;\n}\n\n.uc_classic_carousel  .uc_classic_carousel_placeholder img{\n\twidth:100%;    \n    display:block;\n}\n\n.uc_classic_carousel .uc_classic_carousel_content{\n  display: flex;\n  flex-flow: column nowrap;\n}\n\n.uc_classic_carousel .ue_button{\n  margin-top:auto;\n}\n\n.uc_classic_carousel .uc_classic_carousel_content .uc_more_btn {\n\tdisplay:inline-block;\n\ttext-decoration:none;\n\ttransition: all 0.5s ease;\n}\n\n#uc_card_carousel_elementor_f880f4d .owl-dots {\n  overflow:hidden;\n  text-align:center;\n}\n\n#uc_card_carousel_elementor_f880f4d .owl-dot {\n  border-radius:50%;\n  display:inline-block;\n}\n\n#uc_card_carousel_elementor_f880f4d .owl-nav .owl-prev,\n#uc_card_carousel_elementor_f880f4d .owl-nav .owl-next{\n    position:absolute;\n    display:flex;\n  \tjustify-content: center;\n  \talign-items: center;\n    text-align:center;\n}\n\n#uc_card_carousel_elementor_f880f4d .owl-nav .disabled{\n    display: none;  \n}\n\n\n#uc_card_carousel_elementor_f880f4d .ue-item-icon{\n  line-height:1em;\n  display:inline-flex;\n  justify-content:center;\n  align-items:center;  \n}\n\n#uc_card_carousel_elementor_f880f4d .ue-item-icon svg{\n  height:1em;\n  width:1em;\n}\n\n#uc_card_carousel_elementor_f880f4d .ue-item-icon-wrapper{\n  display:flex;\n}\n\n#uc_card_carousel_elementor_f880f4d .uc_classic_carousel_container_holder {\n\t max-width: ;\n}\n\n\n\n@media screen and (max-width: 1024px) {\n  #uc_card_carousel_elementor_f880f4d .uc_classic_carousel_container_holder {\n\t max-width: ;\n  }\n}\n\n@media screen and (max-width: 767px) {\n  #uc_card_carousel_elementor_f880f4d .uc_classic_carousel_container_holder {\n    max-width: ;\n  }\n}\n\n<\/style>\n\n<div class=\"uc_classic_carousel\" id=\"uc_card_carousel_elementor_f880f4d-wrapper\">\n  <div class=\"uc_carousel owl-carousel uc-items-wrapper  \" id=\"uc_card_carousel_elementor_f880f4d\"  >\n    \n\n\n<div id=\"uc_card_carousel_elementor_f880f4d_item1\" class=\"uc_classic_carousel_container_holder ue-item elementor-repeater-item-82bd0e6\" data-hide-item=\"false\">  \n  <div class=\"ue-carousel-item\">\n    \n    <span class=\"uc_classic_carousel_border\" style=\"\"><\/span>    \n    \n          <div class=\"uc_classic_carousel_placeholder\">\n                  <img loading=\"lazy\" decoding=\"async\" src=\"https:\/\/capcanesturisme.com\/wp-content\/uploads\/2025\/12\/senderims-scaled-e1765468692551.jpg\"  src=\"https:\/\/capcanesturisme.com\/wp-content\/uploads\/2025\/12\/senderims-scaled-e1765468692551.jpg\" alt=\"Senderisme_Capsanes\" width=\"1357\" height=\"1515\">\n                      <\/div>\n    \n    <div class=\"uc_classic_carousel_content\" style=\"direction:ltr;\">    \n\n      \n          <div  class=\"card_carousel_title\">Rutas de senderismo<\/div>\n        <div class=\"card_carousel_text\">entre m\u00e1rgenes y vi\u00f1edos.<\/div>      \t\n\n      \t\n      \n    <\/div>\n    \n  <\/div>\n<\/div>\n\n\n\n<div id=\"uc_card_carousel_elementor_f880f4d_item2\" class=\"uc_classic_carousel_container_holder ue-item elementor-repeater-item-6dad5be\" data-hide-item=\"false\">  \n  <div class=\"ue-carousel-item\">\n    \n    <span class=\"uc_classic_carousel_border\" style=\"\"><\/span>    \n    \n          <div class=\"uc_classic_carousel_placeholder\">\n                  <img loading=\"lazy\" decoding=\"async\" src=\"https:\/\/capcanesturisme.com\/wp-content\/uploads\/2025\/12\/sa-scaled.webp\"  src=\"https:\/\/capcanesturisme.com\/wp-content\/uploads\/2025\/12\/sa-scaled.webp\" alt=\"sa\" width=\"1705\" height=\"2560\">\n                      <\/div>\n    \n    <div class=\"uc_classic_carousel_content\" style=\"direction:ltr;\">    \n\n      \n          <div  class=\"card_carousel_title\">Enoturismo<\/div>\n        <div class=\"card_carousel_text\">por la Do Montsant.<\/div>      \t\n\n      \t\n      \n    <\/div>\n    \n  <\/div>\n<\/div>\n\n\n\n<div id=\"uc_card_carousel_elementor_f880f4d_item3\" class=\"uc_classic_carousel_container_holder ue-item elementor-repeater-item-d6985aa\" data-hide-item=\"false\">  \n  <div class=\"ue-carousel-item\">\n    \n    <span class=\"uc_classic_carousel_border\" style=\"\"><\/span>    \n    \n          <div class=\"uc_classic_carousel_placeholder\">\n                  <img loading=\"lazy\" decoding=\"async\" src=\"https:\/\/capcanesturisme.com\/wp-content\/uploads\/2025\/12\/DSC_9643-scaled.webp\"  src=\"https:\/\/capcanesturisme.com\/wp-content\/uploads\/2025\/12\/DSC_9643-scaled.webp\" alt=\"DSC_9643\" width=\"2560\" height=\"1709\">\n                      <\/div>\n    \n    <div class=\"uc_classic_carousel_content\" style=\"direction:ltr;\">    \n\n      \n          <div  class=\"card_carousel_title\">Escalada<\/div>\n        <div class=\"card_carousel_text\">pel Tort\u00f3.<\/div>      \t\n\n      \t\n      \n    <\/div>\n    \n  <\/div>\n<\/div>\n\n  <\/div>\n<\/div>\n<!-- end Card Carousel -->\t\t\t\t<\/div>\n\t\t\t\t<\/div>\n\t\t\t\t<\/div>\n\t\t\t\t<\/div>\n\t\t","protected":false},"excerpt":{"rendered":"<p>Experiencias Vive Cap\u00e7anes con los cinco sentidos Naturaleza, historia y vino con car\u00e1cter te esperan entre vi\u00f1edos, m\u00e1rgenes de piedra seca y paisajes que enamoran. Descubre<span class=\"excerpt-hellip\"> [\u2026]<\/span><\/p>\n","protected":false},"author":1,"featured_media":0,"parent":0,"menu_order":0,"comment_status":"closed","ping_status":"closed","template":"elementor_header_footer","meta":{"footnotes":""},"class_list":["post-1828","page","type-page","status-publish","hentry"],"_links":{"self":[{"href":"https:\/\/capcanesturisme.com\/es\/wp-json\/wp\/v2\/pages\/1828","targetHints":{"allow":["GET"]}}],"collection":[{"href":"https:\/\/capcanesturisme.com\/es\/wp-json\/wp\/v2\/pages"}],"about":[{"href":"https:\/\/capcanesturisme.com\/es\/wp-json\/wp\/v2\/types\/page"}],"author":[{"embeddable":true,"href":"https:\/\/capcanesturisme.com\/es\/wp-json\/wp\/v2\/users\/1"}],"replies":[{"embeddable":true,"href":"https:\/\/capcanesturisme.com\/es\/wp-json\/wp\/v2\/comments?post=1828"}],"version-history":[{"count":10,"href":"https:\/\/capcanesturisme.com\/es\/wp-json\/wp\/v2\/pages\/1828\/revisions"}],"predecessor-version":[{"id":2110,"href":"https:\/\/capcanesturisme.com\/es\/wp-json\/wp\/v2\/pages\/1828\/revisions\/2110"}],"wp:attachment":[{"href":"https:\/\/capcanesturisme.com\/es\/wp-json\/wp\/v2\/media?parent=1828"}],"curies":[{"name":"wp","href":"https:\/\/api.w.org\/{rel}","templated":true}]}}