{"id":1763,"date":"2025-12-16T00:10:27","date_gmt":"2025-12-16T00:10:27","guid":{"rendered":"https:\/\/capcanesturisme.com\/costa-daurada\/"},"modified":"2025-12-19T09:34:13","modified_gmt":"2025-12-19T09:34:13","slug":"costa-daurada","status":"publish","type":"page","link":"https:\/\/capcanesturisme.com\/es\/costa-daurada\/","title":{"rendered":"Costa Daurada"},"content":{"rendered":"\t\t<div data-elementor-type=\"wp-page\" data-elementor-id=\"1763\" class=\"elementor elementor-1763 elementor-1547\">\n\t\t\t\t<div class=\"elementor-element elementor-element-240cf19 e-con-full e-flex e-con e-parent\" data-id=\"240cf19\" data-element_type=\"container\" data-e-type=\"container\" data-settings=\"{&quot;background_background&quot;:&quot;classic&quot;}\">\n\t\t<div class=\"elementor-element elementor-element-6115ff1 e-flex e-con-boxed e-con e-child\" data-id=\"6115ff1\" data-element_type=\"container\" data-e-type=\"container\">\n\t\t\t\t\t<div class=\"e-con-inner\">\n\t\t<div class=\"elementor-element elementor-element-72071c6 e-con-full e-flex e-con e-child\" data-id=\"72071c6\" data-element_type=\"container\" data-e-type=\"container\">\n\t\t\t\t<div class=\"elementor-element elementor-element-0812c43 elementor-invisible elementor-widget elementor-widget-heading\" data-id=\"0812c43\" data-element_type=\"widget\" data-e-type=\"widget\" data-settings=\"{&quot;_animation&quot;:&quot;fadeIn&quot;,&quot;_animation_delay&quot;:100}\" data-widget_type=\"heading.default\">\n\t\t\t\t\t<h5 class=\"elementor-heading-title elementor-size-default\">Costa Daurada<\/h5>\t\t\t\t<\/div>\n\t\t\t\t<\/div>\n\t\t\t\t\t<\/div>\n\t\t\t\t<\/div>\n\t\t\t\t<\/div>\n\t\t<div class=\"elementor-element elementor-element-4634c9d e-flex e-con-boxed e-con e-parent\" data-id=\"4634c9d\" data-element_type=\"container\" data-e-type=\"container\">\n\t\t\t\t\t<div class=\"e-con-inner\">\n\t\t\t\t<div class=\"elementor-element elementor-element-a914695 elementor-widget elementor-widget-text-editor\" data-id=\"a914695\" data-element_type=\"widget\" data-e-type=\"widget\" data-widget_type=\"text-editor.default\">\n\t\t\t\t\t\t\t\t\t<div class=\"zw-paginated zw-page ui-1056-816-portrait\"><div class=\"zw-pagecontainer\"><div class=\"zw-content-wrapper\"><div class=\"selectableSection zw-contentpane\"><div class=\"zw-column-container\"><div class=\"zw-column\"><div class=\"zw-paragraph\" data-width=\"576\" data-tabpoints=\"[]\" data-textformat=\"{\"size\":11}\"><div class=\"zw-line-div\"><div class=\"zw-line-content\"><p><span lang=\"es-ES\">La <a href=\"https:\/\/costadaurada.info\/es\/conoce\">Costa Daurada <\/a>es un destino tur\u00edstico diverso y completo, situado a poco m\u00e1s de una hora de Barcelona, a unos 100 km del Aeropuerto de Barcelona-El Prat y con aeropuerto propio en Reus, lo que la convierte en un territorio f\u00e1cilmente accesible tanto para visitantes nacionales como internacionales. Esta ubicaci\u00f3n privilegiada permite combinar mar, interior, patrimonio y naturaleza en una misma escapada.<\/span><\/p><p><span lang=\"es-ES\">Con un clima mediterr\u00e1neo suave durante todo el a\u00f1o, la Costa Daurada es especialmente reconocida por su litoral de <a href=\"https:\/\/costadaurada.info\/es\/actividades\/playas-y-calas\">playas y calas <\/a><\/span><span lang=\"es-ES\">de arena fina, ideales tanto para el descanso como para las actividades al aire libre. La variedad de paisajes costeros convive con un interior rico y lleno de contrastes.<\/span><\/p><p><span lang=\"es-ES\">La Costa Daurada es tambi\u00e9n un destino certificado de <a href=\"https:\/\/costadaurada.info\/es\/actividades\/turismo-familiar\">Turismo Familiar<\/a>, con una amplia oferta de actividades pensadas para todas las edades. Destacan espacios y experiencias adaptadas a familias, as\u00ed como PortAventura World, uno de los principales parques tem\u00e1ticos de Europa. Adem\u00e1s, la webapp <a href=\"https:\/\/costadaurada.tripandkids.com\/\">Trip&amp;Kids<\/a> permite planificar actividades personalizadas seg\u00fan las necesidades de cada familia.<\/span><\/p><p><span lang=\"es-ES\">El territorio cuenta con un patrimonio cultural de primer nivel, con elementos declarados <a href=\"https:\/\/costadaurada.info\/es\/activitats\/cultura\/patrimoni-de-la-humanitat\">Patrimonio Mundial por la UNESCO<\/a>, tanto material como inmaterial, as\u00ed como un destacado legado modernista presente en diversos municipios.<br><\/span><\/p><p><span lang=\"es-ES\">La <a href=\"https:\/\/costadaurada.info\/es\/actividades\/enogastronomia\">enogastronom\u00eda<\/a> es otro de los grandes atractivos de la Costa Daurada. La cocina local pone en valor productos de proximidad y de calidad, mientras que el enoturismo se convierte en una experiencia singular gracias a las diversas Denominaciones de Origen vitivin\u00edcolas, que permiten descubrir vinos con identidad propia y un fuerte arraigo al territorio.<\/span><\/p><p><span lang=\"es-ES\">En el interior, la Costa Daurada ofrece una gran <a href=\"https:\/\/costadaurada.info\/es\/actividades\/naturaleza\">riqueza natural<\/a>, con espacios ideales para el descubrimiento tranquilo, el contacto con la naturaleza y el turismo sostenible. Parques naturales, sierras, caminos y paisajes rurales completan un destino equilibrado entre costa e interior.<br><\/span><\/p><p><span lang=\"es-ES\">Finalmente, gracias a su clima y a la diversidad de entornos, la Costa Daurada es un destino id\u00f3neo para la <a href=\"https:\/\/costadaurada.info\/es\/actividades\/deportes\">pr\u00e1ctica de deportes<\/a> durante todo el a\u00f1o, como el senderismo, el cicloturismo, la BTT, el golf, la escalada o la marcha n\u00f3rdica, entre muchos otros.<\/span><\/p><p><span lang=\"es-ES\">La Costa Daurada es un destino completo que invita a alargar la estancia y a descubrir el territorio desde m\u00faltiples miradas: mar, interior, cultura, gastronom\u00eda, naturaleza y deporte.<\/span><\/p><\/div><\/div><\/div><\/div><\/div><\/div><\/div><\/div><\/div>\t\t\t\t\t\t\t\t<\/div>\n\t\t\t\t\t<\/div>\n\t\t\t\t<\/div>\n\t\t<div class=\"elementor-element elementor-element-3403537 e-flex e-con-boxed e-con e-parent\" data-id=\"3403537\" data-element_type=\"container\" data-e-type=\"container\">\n\t\t\t\t\t<div class=\"e-con-inner\">\n\t\t\t\t<div class=\"elementor-element elementor-element-6019d32 elementor-widget elementor-widget-image\" data-id=\"6019d32\" data-element_type=\"widget\" data-e-type=\"widget\" data-widget_type=\"image.default\">\n\t\t\t\t\t\t\t\t\t\t\t\t\t\t\t<img fetchpriority=\"high\" decoding=\"async\" width=\"1024\" height=\"683\" src=\"https:\/\/capcanesturisme.com\/wp-content\/uploads\/2025\/12\/\u00a9Costa-Daurada_Enoturisme_sm50-1024x683.jpg\" class=\"attachment-large size-large wp-image-1762\" alt=\"\" srcset=\"https:\/\/capcanesturisme.com\/wp-content\/uploads\/2025\/12\/\u00a9Costa-Daurada_Enoturisme_sm50-1024x683.jpg 1024w, https:\/\/capcanesturisme.com\/wp-content\/uploads\/2025\/12\/\u00a9Costa-Daurada_Enoturisme_sm50-300x200.jpg 300w, https:\/\/capcanesturisme.com\/wp-content\/uploads\/2025\/12\/\u00a9Costa-Daurada_Enoturisme_sm50-768x512.jpg 768w, https:\/\/capcanesturisme.com\/wp-content\/uploads\/2025\/12\/\u00a9Costa-Daurada_Enoturisme_sm50-1536x1024.jpg 1536w, https:\/\/capcanesturisme.com\/wp-content\/uploads\/2025\/12\/\u00a9Costa-Daurada_Enoturisme_sm50-2048x1365.jpg 2048w, https:\/\/capcanesturisme.com\/wp-content\/uploads\/2025\/12\/\u00a9Costa-Daurada_Enoturisme_sm50-113x75.jpg 113w, https:\/\/capcanesturisme.com\/wp-content\/uploads\/2025\/12\/\u00a9Costa-Daurada_Enoturisme_sm50-480x320.jpg 480w\" sizes=\"(max-width:767px) 480px, (max-width:1024px) 100vw, 1024px\" \/>\t\t\t\t\t\t\t\t\t\t\t\t\t\t\t<\/div>\n\t\t\t\t\t<\/div>\n\t\t\t\t<\/div>\n\t\t\t\t<\/div>\n\t\t","protected":false},"excerpt":{"rendered":"<p>Costa Daurada La Costa Daurada es un destino tur\u00edstico diverso y completo, situado a poco m\u00e1s de una hora de Barcelona, a unos 100 km del<span class=\"excerpt-hellip\"> [\u2026]<\/span><\/p>\n","protected":false},"author":1,"featured_media":0,"parent":0,"menu_order":0,"comment_status":"closed","ping_status":"closed","template":"","meta":{"footnotes":""},"class_list":["post-1763","page","type-page","status-publish","hentry"],"_links":{"self":[{"href":"https:\/\/capcanesturisme.com\/es\/wp-json\/wp\/v2\/pages\/1763","targetHints":{"allow":["GET"]}}],"collection":[{"href":"https:\/\/capcanesturisme.com\/es\/wp-json\/wp\/v2\/pages"}],"about":[{"href":"https:\/\/capcanesturisme.com\/es\/wp-json\/wp\/v2\/types\/page"}],"author":[{"embeddable":true,"href":"https:\/\/capcanesturisme.com\/es\/wp-json\/wp\/v2\/users\/1"}],"replies":[{"embeddable":true,"href":"https:\/\/capcanesturisme.com\/es\/wp-json\/wp\/v2\/comments?post=1763"}],"version-history":[{"count":1,"href":"https:\/\/capcanesturisme.com\/es\/wp-json\/wp\/v2\/pages\/1763\/revisions"}],"predecessor-version":[{"id":1766,"href":"https:\/\/capcanesturisme.com\/es\/wp-json\/wp\/v2\/pages\/1763\/revisions\/1766"}],"wp:attachment":[{"href":"https:\/\/capcanesturisme.com\/es\/wp-json\/wp\/v2\/media?parent=1763"}],"curies":[{"name":"wp","href":"https:\/\/api.w.org\/{rel}","templated":true}]}}